{"id":884,"date":"2021-03-05T04:32:29","date_gmt":"2021-03-05T04:32:29","guid":{"rendered":"https:\/\/themetechmount.com\/wordpress\/fablio\/?page_id=884"},"modified":"2023-02-20T20:08:35","modified_gmt":"2023-02-20T17:08:35","slug":"ges-robot-resimleri","status":"publish","type":"page","link":"https:\/\/ngrobs.com\/index.php\/ges-robot-resimleri\/","title":{"rendered":"Medya"},"content":{"rendered":"<section class=\"wpb-content-wrapper\"><p>[vc_row tm_bgimagefixed=&#8221;&#8221; full_width=&#8221;stretch_row&#8221; tm_responsive_css=&#8221;68066881|colbreak_no|||||||||colbreak_no|||||50px||50px||colbreak_no||||||||||colbreak_no|||||||||&#8221; css=&#8221;.vc_custom_1615956669746{padding-bottom: 70px !important;}&#8221;][vc_column][vc_row_inner][vc_column_inner width=&#8221;1\/2&#8243;][vc_column_text]<\/p>\n<h5 style=\"text-align: center;\"><strong>PANEL TEM\u0130ZLEME ROBOTU \u00c7ALI\u015eMA V\u0130DEOSU<\/strong><\/h5>\n<p>[\/vc_column_text][vc_video link=&#8221;https:\/\/www.youtube.com\/watch?v=qgLfKuI-3ec&#8221;][\/vc_column_inner][vc_column_inner width=&#8221;1\/2&#8243;][vc_column_text]<\/p>\n<h5 style=\"text-align: center;\"><strong>PANEL TEM\u0130ZLEME ROBOTU \u00c7ALI\u015eMA V\u0130DEOSU<\/strong><\/h5>\n<p>[\/vc_column_text][vc_video link=&#8221;https:\/\/www.youtube.com\/watch?v=Kl5m8QI3DRE&#8221;][\/vc_column_inner][\/vc_row_inner][vc_row_inner][vc_column_inner width=&#8221;1\/2&#8243;][vc_column_text]<\/p>\n<h5 style=\"text-align: center;\"><strong>PANEL TEM\u0130ZLEME ROBOTU \u00c7ALI\u015eMA V\u0130DEOSU<\/strong><\/h5>\n<p>[\/vc_column_text][vc_video link=&#8221;https:\/\/www.youtube.com\/watch?v=A5n5nqjE8c0&#8243;][\/vc_column_inner][vc_column_inner width=&#8221;1\/2&#8243;][vc_column_text]<\/p>\n<h5 style=\"text-align: center;\"><strong>PANEL TEM\u0130ZLEME ROBOTU \u00c7ALI\u015eMA V\u0130DEOSU<\/strong><\/h5>\n<p>[\/vc_column_text][vc_video link=&#8221;https:\/\/www.youtube.com\/watch?v=vnjtTVXpOWI&#8221;][\/vc_column_inner][\/vc_row_inner][vc_row_inner][vc_column_inner width=&#8221;1\/2&#8243;][vc_column_text]<\/p>\n<h5 style=\"text-align: center;\"><strong>PANEL TEM\u0130ZLEME ROBOTU \u00c7ALI\u015eMA V\u0130DEOSU<\/strong><\/h5>\n<p>[\/vc_column_text][vc_video link=&#8221;https:\/\/www.youtube.com\/watch?v=ODmiySrvL8M&amp;t=4s&#8221;][\/vc_column_inner][vc_column_inner width=&#8221;1\/2&#8243;][\/vc_column_inner][\/vc_row_inner]\r\n\t\t<div class=\"tm-vc_btn3-container tm-vc_btn3-center\"><a class=\"tm-vc_general tm-vc_btn3 tm-vc_btn3-size-md tm-vc_btn3-shape-rounded tm-vc_btn3-style-flat tm-vc_btn3-weight-no tm-vc_btn3-icon-right tm-vc_btn3-color-skincolor\" href=\"https:\/\/www.youtube.com\/@ngrobs\" title=\"\">D\u0130\u011eER V\u0130DEOLARIMIZ \u0130\u00c7\u0130N TIKLAYINIZ <i class=\"tm-vc_btn3-icon fa fa-youtube-play\"><\/i><\/a><\/div><div class=\"tm-element-heading-wrapper tm-heading-inner tm-element-align-center tm-seperator-none tm-heading-style-vertical \"><section class=\"tm-vc_cta3-container\"><div class=\"tm-vc_general tm-vc_cta3 tm-cta3-only tm-vc_cta3-style-classic tm-vc_cta3-shape-rounded tm-vc_cta3-align-center tm-vc_cta3-color-transparent tm-vc_cta3-icon-size-md tm-vc_cta3-actions-no tm-cta3-without-desc\"><div class=\"tm-vc_cta3_content-container\"><div class=\"tm-vc_cta3-content\"><header class=\"tm-vc_cta3-content-header tm-wrap\"><div class=\"tm-vc_cta3-headers tm-wrap-cell\"><h4 class=\"tm-custom-heading \" >NGROBS<\/h4>\n<h2 class=\"tm-custom-heading \" >PANEL TEM\u0130ZLEME ROBOTU G\u00d6RSELLER\u0130<\/h2>\n<\/div><div class=\"heading-seperator\"><span><\/span><\/div><\/header><\/div><\/div><\/div><\/section><\/div> <!-- .tm-element-heading-wrapper container --> [vc_media_grid element_width=&#8221;3&#8243; gap=&#8221;10&#8243; grid_id=&#8221;vc_gid:1676912873135-3a6cfe08-9dc3-6&#8243; include=&#8221;1863,1864,1865,1866,1867,1868,1869,1870&#8243;][\/vc_column][\/vc_row]<\/p>\n<\/section>","protected":false},"excerpt":{"rendered":"<p>[vc_row tm_bgimagefixed=&#8221;&#8221; full_width=&#8221;stretch_row&#8221; tm_responsive_css=&#8221;68066881|colbreak_no|||||||||colbreak_no|||||50px||50px||colbreak_no||||||||||colbreak_no|||||||||&#8221; css=&#8221;.vc_custom_1615956669746{padding-bottom: 70px !important;}&#8221;][vc_column][vc_row_inner][vc_column_inner width=&#8221;1\/2&#8243;][vc_column_text] PANEL TEM\u0130ZLEME ROBOTU \u00c7ALI\u015eMA V\u0130DEOSU [\/vc_column_text][vc_video link=&#8221;https:\/\/www.youtube.com\/watch?v=qgLfKuI-3ec&#8221;][\/vc_column_inner][vc_column_inner width=&#8221;1\/2&#8243;][vc_column_text] PANEL TEM\u0130ZLEME ROBOTU \u00c7ALI\u015eMA V\u0130DEOSU [\/vc_column_text][vc_video link=&#8221;https:\/\/www.youtube.com\/watch?v=Kl5m8QI3DRE&#8221;][\/vc_column_inner][\/vc_row_inner][vc_row_inner][vc_column_inner width=&#8221;1\/2&#8243;][vc_column_text] PANEL TEM\u0130ZLEME ROBOTU \u00c7ALI\u015eMA V\u0130DEOSU [\/vc_column_text][vc_video link=&#8221;https:\/\/www.youtube.com\/watch?v=A5n5nqjE8c0&#8243;][\/vc_column_inner][vc_column_inner width=&#8221;1\/2&#8243;][vc_column_text] PANEL TEM\u0130ZLEME ROBOTU \u00c7ALI\u015eMA V\u0130DEOSU [\/vc_column_text][vc_video link=&#8221;https:\/\/www.youtube.com\/watch?v=vnjtTVXpOWI&#8221;][\/vc_column_inner][\/vc_row_inner][vc_row_inner][vc_column_inner width=&#8221;1\/2&#8243;][vc_column_text] PANEL TEM\u0130ZLEME ROBOTU \u00c7ALI\u015eMA V\u0130DEOSU [\/vc_column_text][vc_video link=&#8221;https:\/\/www.youtube.com\/watch?v=ODmiySrvL8M&amp;t=4s&#8221;][\/vc_column_inner][vc_column_inner width=&#8221;1\/2&#8243;][\/vc_column_inner][\/vc_row_inner][vc_media_grid element_width=&#8221;3&#8243; gap=&#8221;10&#8243; grid_id=&#8221;vc_gid:1676912873135-3a6cfe08-9dc3-6&#8243; include=&#8221;1863,1864,1865,1866,1867,1868,1869,1870&#8243;][\/vc_column][\/vc_row]<\/p>\n","protected":false},"author":1,"featured_media":0,"parent":0,"menu_order":0,"comment_status":"closed","ping_status":"closed","template":"","meta":{"footnotes":""},"class_list":["post-884","page","type-page","status-publish","hentry"],"yoast_head":"<!-- This site is optimized with the Yoast SEO plugin v20.1 - https:\/\/yoast.com\/wordpress\/plugins\/seo\/ -->\n<title>Ngrobs - G\u00fcne\u015f Paneli Y\u0131kama Robotu - Temizlik Robotu<\/title>\n<meta name=\"description\" content=\"Ula\u015f\u0131lmas\u0131 zor olan geni\u015f, b\u00fcy\u00fck alanl\u0131 \u00e7at\u0131 \u00fczeri santrallerde g\u00fcvenli bir panel temizli\u011fi \u00e7\u00f6z\u00fcm\u00fc sunan robotumuz sayesinde maksimum verimin keyfini \u00e7\u0131kar\u0131rs\u0131n\u0131z.\" \/>\n<meta name=\"robots\" content=\"index, follow, max-snippet:-1, max-image-preview:large, max-video-preview:-1\" \/>\n<link rel=\"canonical\" href=\"https:\/\/ngrobs.com\/index.php\/ges-robot-resimleri\/\" \/>\n<meta property=\"og:locale\" content=\"tr_TR\" \/>\n<meta property=\"og:type\" content=\"article\" \/>\n<meta property=\"og:title\" content=\"Ngrobs - G\u00fcne\u015f Paneli Y\u0131kama Robotu - Temizlik Robotu\" \/>\n<meta property=\"og:description\" content=\"Ula\u015f\u0131lmas\u0131 zor olan geni\u015f, b\u00fcy\u00fck alanl\u0131 \u00e7at\u0131 \u00fczeri santrallerde g\u00fcvenli bir panel temizli\u011fi \u00e7\u00f6z\u00fcm\u00fc sunan robotumuz sayesinde maksimum verimin keyfini \u00e7\u0131kar\u0131rs\u0131n\u0131z.\" \/>\n<meta property=\"og:url\" content=\"https:\/\/ngrobs.com\/index.php\/ges-robot-resimleri\/\" \/>\n<meta property=\"og:site_name\" content=\"G\u00fcne\u015f Paneli Y\u0131kama Robotu - Temizlik Robotu\" \/>\n<meta property=\"article:modified_time\" content=\"2023-02-20T17:08:35+00:00\" \/>\n<meta name=\"twitter:card\" content=\"summary_large_image\" \/>\n<meta name=\"twitter:label1\" content=\"Tahmini okuma s\u00fcresi\" \/>\n\t<meta name=\"twitter:data1\" content=\"1 dakika\" \/>\n<script type=\"application\/ld+json\" class=\"yoast-schema-graph\">{\"@context\":\"https:\/\/schema.org\",\"@graph\":[{\"@type\":\"WebPage\",\"@id\":\"https:\/\/ngrobs.com\/index.php\/ges-robot-resimleri\/\",\"url\":\"https:\/\/ngrobs.com\/index.php\/ges-robot-resimleri\/\",\"name\":\"Ngrobs - G\u00fcne\u015f Paneli Y\u0131kama Robotu - Temizlik Robotu\",\"isPartOf\":{\"@id\":\"https:\/\/ngrobs.com\/#website\"},\"datePublished\":\"2021-03-05T04:32:29+00:00\",\"dateModified\":\"2023-02-20T17:08:35+00:00\",\"description\":\"Ula\u015f\u0131lmas\u0131 zor olan geni\u015f, b\u00fcy\u00fck alanl\u0131 \u00e7at\u0131 \u00fczeri santrallerde g\u00fcvenli bir panel temizli\u011fi \u00e7\u00f6z\u00fcm\u00fc sunan robotumuz sayesinde maksimum verimin keyfini \u00e7\u0131kar\u0131rs\u0131n\u0131z.\",\"breadcrumb\":{\"@id\":\"https:\/\/ngrobs.com\/index.php\/ges-robot-resimleri\/#breadcrumb\"},\"inLanguage\":\"tr\",\"potentialAction\":[{\"@type\":\"ReadAction\",\"target\":[\"https:\/\/ngrobs.com\/index.php\/ges-robot-resimleri\/\"]}]},{\"@type\":\"BreadcrumbList\",\"@id\":\"https:\/\/ngrobs.com\/index.php\/ges-robot-resimleri\/#breadcrumb\",\"itemListElement\":[{\"@type\":\"ListItem\",\"position\":1,\"name\":\"Anasayfa\",\"item\":\"https:\/\/ngrobs.com\/\"},{\"@type\":\"ListItem\",\"position\":2,\"name\":\"Medya\"}]},{\"@type\":\"WebSite\",\"@id\":\"https:\/\/ngrobs.com\/#website\",\"url\":\"https:\/\/ngrobs.com\/\",\"name\":\"G\u00fcne\u015f Paneli Y\u0131kama Robotu - Temizlik Robotu\",\"description\":\"Robotumuz Enerjiniz Olsun\",\"potentialAction\":[{\"@type\":\"SearchAction\",\"target\":{\"@type\":\"EntryPoint\",\"urlTemplate\":\"https:\/\/ngrobs.com\/?s={search_term_string}\"},\"query-input\":\"required name=search_term_string\"}],\"inLanguage\":\"tr\"}]}<\/script>\n<!-- \/ Yoast SEO plugin. -->","yoast_head_json":{"title":"Ngrobs - G\u00fcne\u015f Paneli Y\u0131kama Robotu - Temizlik Robotu","description":"Ula\u015f\u0131lmas\u0131 zor olan geni\u015f, b\u00fcy\u00fck alanl\u0131 \u00e7at\u0131 \u00fczeri santrallerde g\u00fcvenli bir panel temizli\u011fi \u00e7\u00f6z\u00fcm\u00fc sunan robotumuz sayesinde maksimum verimin keyfini \u00e7\u0131kar\u0131rs\u0131n\u0131z.","robots":{"index":"index","follow":"follow","max-snippet":"max-snippet:-1","max-image-preview":"max-image-preview:large","max-video-preview":"max-video-preview:-1"},"canonical":"https:\/\/ngrobs.com\/index.php\/ges-robot-resimleri\/","og_locale":"tr_TR","og_type":"article","og_title":"Ngrobs - G\u00fcne\u015f Paneli Y\u0131kama Robotu - Temizlik Robotu","og_description":"Ula\u015f\u0131lmas\u0131 zor olan geni\u015f, b\u00fcy\u00fck alanl\u0131 \u00e7at\u0131 \u00fczeri santrallerde g\u00fcvenli bir panel temizli\u011fi \u00e7\u00f6z\u00fcm\u00fc sunan robotumuz sayesinde maksimum verimin keyfini \u00e7\u0131kar\u0131rs\u0131n\u0131z.","og_url":"https:\/\/ngrobs.com\/index.php\/ges-robot-resimleri\/","og_site_name":"G\u00fcne\u015f Paneli Y\u0131kama Robotu - Temizlik Robotu","article_modified_time":"2023-02-20T17:08:35+00:00","twitter_card":"summary_large_image","twitter_misc":{"Tahmini okuma s\u00fcresi":"1 dakika"},"schema":{"@context":"https:\/\/schema.org","@graph":[{"@type":"WebPage","@id":"https:\/\/ngrobs.com\/index.php\/ges-robot-resimleri\/","url":"https:\/\/ngrobs.com\/index.php\/ges-robot-resimleri\/","name":"Ngrobs - G\u00fcne\u015f Paneli Y\u0131kama Robotu - Temizlik Robotu","isPartOf":{"@id":"https:\/\/ngrobs.com\/#website"},"datePublished":"2021-03-05T04:32:29+00:00","dateModified":"2023-02-20T17:08:35+00:00","description":"Ula\u015f\u0131lmas\u0131 zor olan geni\u015f, b\u00fcy\u00fck alanl\u0131 \u00e7at\u0131 \u00fczeri santrallerde g\u00fcvenli bir panel temizli\u011fi \u00e7\u00f6z\u00fcm\u00fc sunan robotumuz sayesinde maksimum verimin keyfini \u00e7\u0131kar\u0131rs\u0131n\u0131z.","breadcrumb":{"@id":"https:\/\/ngrobs.com\/index.php\/ges-robot-resimleri\/#breadcrumb"},"inLanguage":"tr","potentialAction":[{"@type":"ReadAction","target":["https:\/\/ngrobs.com\/index.php\/ges-robot-resimleri\/"]}]},{"@type":"BreadcrumbList","@id":"https:\/\/ngrobs.com\/index.php\/ges-robot-resimleri\/#breadcrumb","itemListElement":[{"@type":"ListItem","position":1,"name":"Anasayfa","item":"https:\/\/ngrobs.com\/"},{"@type":"ListItem","position":2,"name":"Medya"}]},{"@type":"WebSite","@id":"https:\/\/ngrobs.com\/#website","url":"https:\/\/ngrobs.com\/","name":"G\u00fcne\u015f Paneli Y\u0131kama Robotu - Temizlik Robotu","description":"Robotumuz Enerjiniz Olsun","potentialAction":[{"@type":"SearchAction","target":{"@type":"EntryPoint","urlTemplate":"https:\/\/ngrobs.com\/?s={search_term_string}"},"query-input":"required name=search_term_string"}],"inLanguage":"tr"}]}},"_links":{"self":[{"href":"https:\/\/ngrobs.com\/index.php\/wp-json\/wp\/v2\/pages\/884","targetHints":{"allow":["GET"]}}],"collection":[{"href":"https:\/\/ngrobs.com\/index.php\/wp-json\/wp\/v2\/pages"}],"about":[{"href":"https:\/\/ngrobs.com\/index.php\/wp-json\/wp\/v2\/types\/page"}],"author":[{"embeddable":true,"href":"https:\/\/ngrobs.com\/index.php\/wp-json\/wp\/v2\/users\/1"}],"replies":[{"embeddable":true,"href":"https:\/\/ngrobs.com\/index.php\/wp-json\/wp\/v2\/comments?post=884"}],"version-history":[{"count":20,"href":"https:\/\/ngrobs.com\/index.php\/wp-json\/wp\/v2\/pages\/884\/revisions"}],"predecessor-version":[{"id":1908,"href":"https:\/\/ngrobs.com\/index.php\/wp-json\/wp\/v2\/pages\/884\/revisions\/1908"}],"wp:attachment":[{"href":"https:\/\/ngrobs.com\/index.php\/wp-json\/wp\/v2\/media?parent=884"}],"curies":[{"name":"wp","href":"https:\/\/api.w.org\/{rel}","templated":true}]}}