{"id":870,"date":"2021-03-04T11:41:53","date_gmt":"2021-03-04T11:41:53","guid":{"rendered":"https:\/\/themetechmount.com\/wordpress\/fablio\/?page_id=870"},"modified":"2025-04-12T23:25:40","modified_gmt":"2025-04-12T20:25:40","slug":"iletisim-bilgilerimiz","status":"publish","type":"page","link":"https:\/\/ngrobs.com\/index.php\/iletisim-bilgilerimiz\/","title":{"rendered":"\u0130leti\u015fim Bilgilerimiz"},"content":{"rendered":"<section class=\"wpb-content-wrapper\"><p>[vc_row tm_bgimagefixed=&#8221;&#8221; break_in_responsive=&#8221;991&#8243; full_width=&#8221;stretch_row&#8221; equal_height=&#8221;yes&#8221; css=&#8221;.vc_custom_1676311998106{padding-top: 25px !important;padding-bottom: 0px !important;}&#8221; tm_responsive_css=&#8221;24827320|colbreak_no|||||||||colbreak_no|||||||30px||colbreak_no||||||||||colbreak_no|||||||||&#8221;][vc_column width=&#8221;5\/12&#8243;]<div class=\"tm-single-image-wrapper imagestyle-three wpb_single_image vc_align_center \"><div class=\"tm-single-image-inner\"><img decoding=\"async\" src=\"https:\/\/ngrobs.com\/wp-content\/uploads\/2023\/02\/iletisim-min.jpg\" class=\"tm-single-image-img\" alt=\"\" \/><\/div><\/div>[\/vc_column][vc_column reduce_extra_padding=&#8221;991&#8243; width=&#8221;7\/12&#8243; css=&#8221;.vc_custom_1616562471682{padding-top: 5px !important;padding-left: 55px !important;}&#8221; tm_responsive_css=&#8221;64263477|colbreak_no|||||||||colbreak_no|0px||||40px||||colbreak_no||||||||||colbreak_no|||||||||&#8221;]<div class=\"tm-element-heading-wrapper tm-heading-inner tm-element-align-left tm-seperator-none tm-heading-style-vertical \"><section class=\"tm-vc_cta3-container\"><div class=\"tm-vc_general tm-vc_cta3 tm-cta3-only tm-vc_cta3-style-classic tm-vc_cta3-shape-rounded tm-vc_cta3-align-left tm-vc_cta3-color-transparent tm-vc_cta3-icon-size-md tm-vc_cta3-actions-no tm-cta3-with-desc\"><div class=\"tm-vc_cta3_content-container\"><div class=\"tm-vc_cta3-content\"><header class=\"tm-vc_cta3-content-header tm-wrap\"><div class=\"tm-vc_cta3-headers tm-wrap-cell\"><h4 class=\"tm-custom-heading \" >NGROBS<\/h4>\n<h2 class=\"tm-custom-heading \" >\u0130leti\u015fim <b>Bilgilerimiz<\/b><\/h2>\n<\/div><div class=\"heading-seperator\"><span><\/span><\/div><\/header><div class=\"tm-cta3-content-wrapper\"><p>G\u00fc\u00e7l\u00fc AR-GE \u00e7al\u0131\u015fmas\u0131 sonucu \u00fcretilen \u00fcr\u00fcn\u00fcm\u00fcz\u00fcn her zaman arkas\u0131nda durarak bayilerimize tam destek veriyoruz. A\u015fa\u011f\u0131daki bilgilerden bizimle ileti\u015fime ge\u00e7ebilirsiniz.<\/p><\/div><\/div><\/div><\/div><\/section><\/div> <!-- .tm-element-heading-wrapper container --> [vc_separator color=&#8221;custom&#8221; accent_color=&#8221;#f3f3f3&#8243; css=&#8221;.vc_custom_1616505784779{margin-bottom: 15px !important;}&#8221;][vc_row_inner css=&#8221;.vc_custom_1616153273217{padding-top: 5px !important;padding-bottom: 7px !important;}&#8221;][vc_column_inner width=&#8221;1\/2&#8243;]<div class=\"themetechmount-iconbox themetechmount-iconbox-stylenine \">\n\t<div class=\"themetechmount-iconbox-inner tm-boxicon-small tm-iconstyle-rounded\">\n\t\t<div class=\"tm-iconbox-wrapper tm-wrap\">\n\t\t\t<div class=\"themetechmount-iconbox-icon tm-wrap-cell\">\n\t\t\t\t<div class=\"tm-box-icon\"><i class=\"themifyicon ti-location-pin\"><\/i><\/div>\t\n\t\t\t<\/div>\n\t\t\t<div class=\"themetechmount-iconbox-heading tm-wrap-cell\">\n\t\t\t\t<div class=\"tm-vc_general tm-vc_cta3 tm-cta3-only tm-vc_cta3-style-classic tm-vc_cta3-shape-rounded tm-vc_cta3-align-left tm-vc_cta3-color-transparent tm-vc_cta3-icon-size-md tm-vc_cta3-actions-no tm-cta3-without-desc\"><div class=\"tm-vc_cta3_content-container\"><div class=\"tm-vc_cta3-content\"><header class=\"tm-vc_cta3-content-header tm-wrap\"><div class=\"tm-vc_cta3-headers tm-wrap-cell\"><h2 class=\"tm-custom-heading \">Adres<\/h2>\n<\/div><div class=\"heading-seperator\"><span><\/span><\/div><\/header><\/div><\/div><\/div>\t\t\t\t\t<div class=\"tm-iconbox-boxcontent\">\t\t\t\n\t\t\t\t\t<div class=\"tm-cta3-content-wrapper\">D\u00f6rtyol Mh. 2080 Sok. No:12\/C Merkez \/ AFYONKARAH\u0130SAR<\/div>\t\t\t\t\t<\/div>\n\t\t\t<\/div>\t\n\t\t<\/div>\n\t<\/div>\t\n<\/div>\n[\/vc_column_inner][vc_column_inner width=&#8221;1\/2&#8243;]<div class=\"themetechmount-iconbox themetechmount-iconbox-stylenine \">\n\t<div class=\"themetechmount-iconbox-inner tm-boxicon-small tm-iconstyle-rounded\">\n\t\t<div class=\"tm-iconbox-wrapper tm-wrap\">\n\t\t\t<div class=\"themetechmount-iconbox-icon tm-wrap-cell\">\n\t\t\t\t<div class=\"tm-box-icon\"><i class=\"themifyicon ti-mobile\"><\/i><\/div>\t\n\t\t\t<\/div>\n\t\t\t<div class=\"themetechmount-iconbox-heading tm-wrap-cell\">\n\t\t\t\t<div class=\"tm-vc_general tm-vc_cta3 tm-cta3-only tm-vc_cta3-style-classic tm-vc_cta3-shape-rounded tm-vc_cta3-align-left tm-vc_cta3-color-transparent tm-vc_cta3-icon-size-md tm-vc_cta3-actions-no tm-cta3-without-desc\"><div class=\"tm-vc_cta3_content-container\"><div class=\"tm-vc_cta3-content\"><header class=\"tm-vc_cta3-content-header tm-wrap\"><div class=\"tm-vc_cta3-headers tm-wrap-cell\"><h2 class=\"tm-custom-heading \">Telefon \/ Mail<\/h2>\n<\/div><div class=\"heading-seperator\"><span><\/span><\/div><\/header><\/div><\/div><\/div>\t\t\t\t\t<div class=\"tm-iconbox-boxcontent\">\t\t\t\n\t\t\t\t\t<div class=\"tm-cta3-content-wrapper\">+90 505 232 0 272<br \/>\ninfo@ngrobs.com<\/div>\t\t\t\t\t<\/div>\n\t\t\t<\/div>\t\n\t\t<\/div>\n\t<\/div>\t\n<\/div>\n[\/vc_column_inner][\/vc_row_inner]<h2 style=\"text-align:left;font-size:24px;line-height:35px;\" class=\"tm-custom-heading vc_custom_1676310908531\" >Sosyal Medya Hesaplar\u0131m\u0131z<\/h2>\n[vc_separator color=&#8221;custom&#8221; accent_color=&#8221;#f3f3f3&#8243; css=&#8221;.vc_custom_1616505791427{margin-bottom: 15px !important;}&#8221;]<div class=\"themetechmount-socialbox-wrapper tm-socialbox-icon-size-large tm-socialbox-column-three  tm-heading-with-separator\"><div class=\"tm-socialbox-links-wrapper row multi-columns-row\"><div class=\"tm-socialbox-i-wrapper col-md-4 col-lg-4 col-xs-12\"><a class=\"tm-socialbox-icon-link tm-socialbox-icon-link-instagram\" target=\"_blank\" href=\"https:\/\/www.instagram.com\/ngrobots\/?igshid=NDk5N2NlZjQ%3D\" data-tooltip=\"Instagram\"><i class=\"tm-fablio-icon-instagram\"><\/i><span class=\"tm-link\">instagram<\/span><\/a><\/div><div class=\"tm-socialbox-i-wrapper col-md-4 col-lg-4 col-xs-12\"><a class=\"tm-socialbox-icon-link tm-socialbox-icon-link-youtube\" target=\"_blank\" href=\"https:\/\/www.youtube.com\/@ngrobs\" data-tooltip=\"YouTube\"><i class=\"tm-fablio-icon-youtube\"><\/i><span class=\"tm-link\">youtube<\/span><\/a><\/div><div class=\"tm-socialbox-i-wrapper col-md-4 col-lg-4 col-xs-12\"><a class=\"tm-socialbox-icon-link tm-socialbox-icon-link-linkedin\" target=\"_blank\" href=\"#\" data-tooltip=\"LinkedIn\"><i class=\"tm-fablio-icon-linkedin\"><\/i><span class=\"tm-link\">linkedin<\/span><\/a><\/div><\/div><!-- .tm-socialbox-links-wrapper -->  <\/div>[\/vc_column][\/vc_row][vc_row tm_bgimagefixed=&#8221;&#8221; break_in_responsive=&#8221;991&#8243; full_width=&#8221;stretch_row&#8221; tm_responsive_css=&#8221;41793898|colbreak_no|||||||||colbreak_no|||||50px||25px||colbreak_no||||||||||colbreak_no|||||||||&#8221; css=&#8221;.vc_custom_1676312036186{padding-top: 40px !important;padding-bottom: 33px !important;}&#8221;][vc_column width=&#8221;1\/2&#8243; el_class=&#8221;tm-heading-rotate&#8221;][vc_single_image image=&#8221;1739&#8243; img_size=&#8221;full&#8221;]<h4 style=\"text-align:left;font-size:16px;line-height:26px;\" class=\"tm-custom-heading \" >2 Y\u0131l Full Garanti<\/h4>\n[\/vc_column][vc_column width=&#8221;1\/2&#8243;]<div class=\"tm-element-heading-wrapper tm-heading-inner tm-element-align-left tm-seperator-none tm-heading-style-vertical \"><section class=\"tm-vc_cta3-container\"><div class=\"tm-vc_general tm-vc_cta3 tm-cta3-only tm-vc_cta3-style-classic tm-vc_cta3-shape-rounded tm-vc_cta3-align-left tm-vc_cta3-color-transparent tm-vc_cta3-icon-size-md tm-vc_cta3-actions-no tm-cta3-with-desc\"><div class=\"tm-vc_cta3_content-container\"><div class=\"tm-vc_cta3-content\"><header class=\"tm-vc_cta3-content-header tm-wrap\"><div class=\"tm-vc_cta3-headers tm-wrap-cell\"><h4 class=\"tm-custom-heading \" >NG CLEAN-TECH ROBOTS<\/h4>\n<h2 class=\"tm-custom-heading \" >G\u00fcne\u015f Paneli Y\u0131kama Robotu<b> \u00dcreticisi<\/b><\/h2>\n<\/div><div class=\"heading-seperator\"><span><\/span><\/div><\/header><div class=\"tm-cta3-content-wrapper\"><p>Firmam\u0131z 2009 y\u0131l\u0131ndan bu g\u00fcne faliyet g\u00f6stermekte olup, sekt\u00f6r\u00fcnde bir \u00e7ok \u00f6zel tasar\u0131ma ve imalata imza atan firmam\u0131z, b\u00fcnyesinde tasar\u0131mdan imalata, otomasyondan yaz\u0131l\u0131ma bir \u00e7ok \u00fcretimi kendi b\u00fcnyesinde kendi ekibi ile ger\u00e7ekle\u015ftirmektedir. 2019 y\u0131l\u0131nda g\u00fcne\u015f paneli temizleme ve y\u0131kama robotu ilk tasar\u0131m\u0131n\u0131 yapm\u0131\u015f olup AR-GE \u00e7al\u0131\u015fmalar\u0131n\u0131 ba\u015flatm\u0131\u015ft\u0131r. 2,5 y\u0131ll\u0131k yo\u011fun AR-GE \u00e7al\u0131\u015fmalar\u0131 neticesinde 2022 y\u0131l\u0131nda ilk ticari \u00fcretimini ger\u00e7ekle\u015ftirmi\u015ftir. Yo\u011fun test ve ara\u015ft\u0131rmalar neticesinde y\u00fcksek derecelerde sorunsuz \u00e7al\u0131\u015fabilen bir robot \u00fcretimini yap\u0131p kullan\u0131c\u0131lara robotik \u00e7\u00f6z\u00fcmler sunmaktad\u0131r.<\/p><\/div><\/div><\/div><\/div><\/section><\/div> <!-- .tm-element-heading-wrapper container --> [vc_row_inner css=&#8221;.vc_custom_1615272433162{padding-top: 7px !important;}&#8221;][vc_column_inner][vc_separator color=&#8221;custom&#8221; accent_color=&#8221;#f3f3f3&#8243; css=&#8221;.vc_custom_1615654939153{margin-bottom: 31px !important;}&#8221;][\/vc_column_inner][\/vc_row_inner][vc_row_inner el_class=&#8221;tm-custome-icon-style2&#8243;][vc_column_inner]<div class=\"themetechmount-iconbox themetechmount-iconbox-stylenine \">\n\t<div class=\"themetechmount-iconbox-inner tm-boxicon-small tm-iconstyle-rounded\">\n\t\t<div class=\"tm-iconbox-wrapper tm-wrap\">\n\t\t\t<div class=\"themetechmount-iconbox-icon tm-wrap-cell\">\n\t\t\t\t<div class=\"tm-box-icon\"><i class=\"fa fa-thumbs-up\"><\/i><\/div>\t\n\t\t\t<\/div>\n\t\t\t<div class=\"themetechmount-iconbox-heading tm-wrap-cell\">\n\t\t\t\t<div class=\"tm-vc_general tm-vc_cta3 tm-cta3-only tm-vc_cta3-style-classic tm-vc_cta3-shape-rounded tm-vc_cta3-align-left tm-vc_cta3-color-transparent tm-vc_cta3-icon-size-md tm-vc_cta3-actions-no tm-cta3-without-desc\"><div class=\"tm-vc_cta3_content-container\"><div class=\"tm-vc_cta3-content\"><header class=\"tm-vc_cta3-content-header tm-wrap\"><div class=\"tm-vc_cta3-headers tm-wrap-cell\"><\/div><div class=\"heading-seperator\"><span><\/span><\/div><\/header><\/div><\/div><\/div>\t\t\t\t\t<div class=\"tm-iconbox-boxcontent\">\t\t\t\n\t\t\t\t\t<div class=\"tm-cta3-content-wrapper\">G\u00fc\u00e7l\u00fc AR-GE \u00e7al\u0131\u015fmas\u0131 sonucu \u00fcretilen \u00fcr\u00fcn\u00fcm\u00fcz\u00fcn her zaman arkas\u0131nda durarak bayilerimize tam destek veriyoruz<\/div>\t\t\t\t\t<\/div>\n\t\t\t<\/div>\t\n\t\t<\/div>\n\t<\/div>\t\n<\/div>\n[\/vc_column_inner][\/vc_row_inner][vc_row_inner el_class=&#8221;tm-column-inline tm-reset-all-left-991&#8243; css=&#8221;.vc_custom_1615897724536{padding-top: 25px !important;}&#8221;][vc_column_inner width=&#8221;1\/2&#8243;]\r\n\t\t<div class=\"tm-vc_btn3-container tm-vc_btn3-inline\"><a class=\"tm-vc_general tm-vc_btn3 tm-vc_btn3-size-md tm-vc_btn3-shape-square tm-vc_btn3-style-flat tm-vc_btn3-weight-no tm-vc_btn3-color-skincolor\" href=\"https:\/\/ngrobs.com\/index.php\/bayilik-basvurusu\/\" title=\"Robot Bayilik Ba\u015fvurusu\">BAY\u0130L\u0130K BA\u015eVURUSU<\/a><\/div>[\/vc_column_inner][vc_column_inner el_class=&#8221;tm-custome-icon-style2&#8243; width=&#8221;1\/2&#8243;]<div class=\"themetechmount-iconbox themetechmount-iconbox-styletwo \">\n\t<div class=\"themetechmount-iconbox-inner\">\n\t\t<div class=\"tm-iconbox-wrapper tm-wrap\">\n\t\t\t<div class=\"themetechmount-iconbox-icon tm-wrap-cell\">\n\t\t\t\t<div class=\"tm-box-icon\"><i class=\"fa fa-phone\"><\/i><\/div>\t\n\t\t\t<\/div>\n\t\t\t<div class=\"themetechmount-iconbox-heading tm-wrap-cell\">\n\t\t\t\t<div class=\"tm-vc_general tm-vc_cta3 tm-cta3-only tm-vc_cta3-style-classic tm-vc_cta3-shape-rounded tm-vc_cta3-align-left tm-vc_cta3-color-transparent tm-vc_cta3-icon-size-md tm-vc_cta3-actions-no tm-cta3-without-desc\"><div class=\"tm-vc_cta3_content-container\"><div class=\"tm-vc_cta3-content\"><header class=\"tm-vc_cta3-content-header tm-wrap\"><div class=\"tm-vc_cta3-headers tm-wrap-cell\"><h2 class=\"tm-custom-heading \">+90 505 232 0 272<\/h2>\n<\/div><div class=\"heading-seperator\"><span><\/span><\/div><\/header><\/div><\/div><\/div>\t\t\t<\/div>\n\t\t<\/div>\n\t\t\t<div class=\"tm-iconbox-boxcontent\">\t\t\t\n\t\t\t\t\t\t\t<div class=\"themetechmount-iconbox-button\">\n\t\t\t\t\t\t\t\t\t<\/div>\n\t\t\t<\/div>\t\n\t<\/div>\t\n<\/div>\n[\/vc_column_inner][\/vc_row_inner][\/vc_column][\/vc_row][vc_row tm_bgcolor=&#8221;skincolor&#8221; tm_bgimagefixed=&#8221;&#8221; break_in_responsive=&#8221;991&#8243; tm_zindex=&#8221;1&#8243; equal_height=&#8221;yes&#8221; css=&#8221;.vc_custom_1615895137566{padding-top: 0px !important;padding-right: 0px !important;padding-bottom: 0px !important;}&#8221; tm_responsive_css=&#8221;92226595|colbreak_no|||||||||colbreak_no|||||||0px||colbreak_no||||||||||colbreak_no|||||||||&#8221;][vc_column tm_bgcolor=&#8221;skincolor&#8221; tm_col_bg_expand=&#8221;left&#8221; width=&#8221;1\/2&#8243; css=&#8221;.vc_custom_1615049233018{padding-top: 20px !important;padding-bottom: 5px !important;}&#8221; el_class=&#8221;tm-triangle-columnright&#8221;]<div class=\"themetechmount-iconbox themetechmount-iconbox-stylethree themetechmount-iconbox-stylethirteen \">\n\t<div class=\"themetechmount-iconbox-inner tm-boxicon-default\">\n\t\t<div class=\"tm-iconbox-wrapper tm-wrap\">\n\t\t\t<div class=\"themetechmount-iconbox-icon tm-wrap-cell\">\n\t\t\t\t<div class=\"tm-box-icon\"><i class=\"kw_fablio flaticon-clock\"><\/i><\/div>\t\n\t\t\t<\/div>\n\t\t\t<div class=\"themetechmount-iconbox-heading tm-wrap-cell\">\n\t\t\t\t<div class=\"tm-vc_general tm-vc_cta3 tm-cta3-only tm-vc_cta3-style-classic tm-vc_cta3-shape-rounded tm-vc_cta3-align-left tm-vc_cta3-color-transparent tm-vc_cta3-icon-size-md tm-vc_cta3-actions-no tm-cta3-without-desc\"><div class=\"tm-vc_cta3_content-container\"><div class=\"tm-vc_cta3-content\"><header class=\"tm-vc_cta3-content-header tm-wrap\"><div class=\"tm-vc_cta3-headers tm-wrap-cell\"><h2 style=\"font-size:32px\" class=\"tm-custom-heading \">GES TEM\u0130ZL\u0130K ROBOTUMUZLA<\/h2>\n<h4 class=\"tm-custom-heading tm-fontweight-normal \">ENERJ\u0130N\u0130Z DAHA DA Y\u00dcKSEK<\/h4>\n<\/div><div class=\"heading-seperator\"><span><\/span><\/div><\/header><\/div><\/div><\/div>\t\t\t\t\t<div class=\"tm-iconbox-boxcontent\">\t\t\t\n\t\t\t\t\t\t\t\t\t\t<\/div>\n\t\t\t\t\t<div class=\"themetechmount-iconbox-button\">\n\t\t\t\t\t\t\t\t\t\t<\/div>\n\t\t\t<\/div>\t\n\t\t<\/div>\n\t<\/div>\t\n<\/div>\n [\/vc_column][vc_column tm_bgimage_position=&#8221;left_center&#8221; width=&#8221;1\/2&#8243; css=&#8221;.vc_custom_1676319236972{background-image: url(https:\/\/ngrobs.com\/wp-content\/uploads\/2023\/02\/ges-yikama-resim-min.png?id=1740) !important;background-position: center !important;background-repeat: no-repeat !important;background-size: cover !important;}&#8221; el_class=&#8221;tm-hide991px&#8221;][\/vc_column][\/vc_row]<\/p>\n<\/section>","protected":false},"excerpt":{"rendered":"<p>[vc_row tm_bgimagefixed=&#8221;&#8221; break_in_responsive=&#8221;991&#8243; full_width=&#8221;stretch_row&#8221; equal_height=&#8221;yes&#8221; css=&#8221;.vc_custom_1676311998106{padding-top: 25px !important;padding-bottom: 0px !important;}&#8221; tm_responsive_css=&#8221;24827320|colbreak_no|||||||||colbreak_no|||||||30px||colbreak_no||||||||||colbreak_no|||||||||&#8221;][vc_column width=&#8221;5\/12&#8243;][\/vc_column][vc_column reduce_extra_padding=&#8221;991&#8243; width=&#8221;7\/12&#8243; css=&#8221;.vc_custom_1616562471682{padding-top: 5px !important;padding-left: 55px !important;}&#8221; tm_responsive_css=&#8221;64263477|colbreak_no|||||||||colbreak_no|0px||||40px||||colbreak_no||||||||||colbreak_no|||||||||&#8221;][vc_separator color=&#8221;custom&#8221; accent_color=&#8221;#f3f3f3&#8243; css=&#8221;.vc_custom_1616505784779{margin-bottom: 15px !important;}&#8221;][vc_row_inner css=&#8221;.vc_custom_1616153273217{padding-top: 5px !important;padding-bottom: 7px !important;}&#8221;][vc_column_inner width=&#8221;1\/2&#8243;][\/vc_column_inner][vc_column_inner width=&#8221;1\/2&#8243;][\/vc_column_inner][\/vc_row_inner][vc_separator color=&#8221;custom&#8221; accent_color=&#8221;#f3f3f3&#8243; css=&#8221;.vc_custom_1616505791427{margin-bottom: 15px !important;}&#8221;][\/vc_column][\/vc_row][vc_row tm_bgimagefixed=&#8221;&#8221; break_in_responsive=&#8221;991&#8243; full_width=&#8221;stretch_row&#8221; tm_responsive_css=&#8221;41793898|colbreak_no|||||||||colbreak_no|||||50px||25px||colbreak_no||||||||||colbreak_no|||||||||&#8221; css=&#8221;.vc_custom_1676312036186{padding-top: 40px !important;padding-bottom: 33px !important;}&#8221;][vc_column width=&#8221;1\/2&#8243; el_class=&#8221;tm-heading-rotate&#8221;][vc_single_image image=&#8221;1739&#8243; img_size=&#8221;full&#8221;][\/vc_column][vc_column width=&#8221;1\/2&#8243;][vc_row_inner css=&#8221;.vc_custom_1615272433162{padding-top: 7px !important;}&#8221;][vc_column_inner][vc_separator color=&#8221;custom&#8221; &hellip; <a href=\"https:\/\/ngrobs.com\/index.php\/iletisim-bilgilerimiz\/\" class=\"more-link\">Continue reading <span class=\"screen-reader-text\">\u0130leti\u015fim Bilgilerimiz<\/span><\/a><\/p>\n","protected":false},"author":1,"featured_media":0,"parent":0,"menu_order":0,"comment_status":"closed","ping_status":"closed","template":"","meta":{"footnotes":""},"class_list":["post-870","page","type-page","status-publish","hentry"],"yoast_head":"<!-- This site is optimized with the Yoast SEO plugin v20.1 - https:\/\/yoast.com\/wordpress\/plugins\/seo\/ -->\n<title>Ngrobs- GES Temizleme Robotu - Solar Y\u0131kama Robotu - YERL\u0130<\/title>\n<meta name=\"description\" content=\"GES Tezleme robotumuz G\u00fcne\u015f panellerinde g\u00fcvenilir ve kusursuz temizlik \u00e7\u00f6z\u00fcm\u00fc sunmaktad\u0131r. &#039;a yak\u0131n verim art\u0131\u015f\u0131 sa\u011flar. Patentli-Tescilli\" \/>\n<meta name=\"robots\" content=\"index, follow, max-snippet:-1, max-image-preview:large, max-video-preview:-1\" \/>\n<link rel=\"canonical\" href=\"https:\/\/ngrobs.com\/index.php\/iletisim-bilgilerimiz\/\" \/>\n<meta property=\"og:locale\" content=\"tr_TR\" \/>\n<meta property=\"og:type\" content=\"article\" \/>\n<meta property=\"og:title\" content=\"Ngrobs- GES Temizleme Robotu - Solar Y\u0131kama Robotu - YERL\u0130\" \/>\n<meta property=\"og:description\" content=\"GES Tezleme robotumuz G\u00fcne\u015f panellerinde g\u00fcvenilir ve kusursuz temizlik \u00e7\u00f6z\u00fcm\u00fc sunmaktad\u0131r. &#039;a yak\u0131n verim art\u0131\u015f\u0131 sa\u011flar. Patentli-Tescilli\" \/>\n<meta property=\"og:url\" content=\"https:\/\/ngrobs.com\/index.php\/iletisim-bilgilerimiz\/\" \/>\n<meta property=\"og:site_name\" content=\"G\u00fcne\u015f Paneli Y\u0131kama Robotu - Temizlik Robotu\" \/>\n<meta property=\"article:modified_time\" content=\"2025-04-12T20:25:40+00:00\" \/>\n<meta name=\"twitter:card\" content=\"summary_large_image\" \/>\n<meta name=\"twitter:label1\" content=\"Tahmini okuma s\u00fcresi\" \/>\n\t<meta name=\"twitter:data1\" content=\"2 dakika\" \/>\n<script type=\"application\/ld+json\" class=\"yoast-schema-graph\">{\"@context\":\"https:\/\/schema.org\",\"@graph\":[{\"@type\":\"WebPage\",\"@id\":\"https:\/\/ngrobs.com\/index.php\/iletisim-bilgilerimiz\/\",\"url\":\"https:\/\/ngrobs.com\/index.php\/iletisim-bilgilerimiz\/\",\"name\":\"Ngrobs- GES Temizleme Robotu - Solar Y\u0131kama Robotu - YERL\u0130\",\"isPartOf\":{\"@id\":\"https:\/\/ngrobs.com\/#website\"},\"datePublished\":\"2021-03-04T11:41:53+00:00\",\"dateModified\":\"2025-04-12T20:25:40+00:00\",\"description\":\"GES Tezleme robotumuz G\u00fcne\u015f panellerinde g\u00fcvenilir ve kusursuz temizlik \u00e7\u00f6z\u00fcm\u00fc sunmaktad\u0131r. 'a yak\u0131n verim art\u0131\u015f\u0131 sa\u011flar. Patentli-Tescilli\",\"breadcrumb\":{\"@id\":\"https:\/\/ngrobs.com\/index.php\/iletisim-bilgilerimiz\/#breadcrumb\"},\"inLanguage\":\"tr\",\"potentialAction\":[{\"@type\":\"ReadAction\",\"target\":[\"https:\/\/ngrobs.com\/index.php\/iletisim-bilgilerimiz\/\"]}]},{\"@type\":\"BreadcrumbList\",\"@id\":\"https:\/\/ngrobs.com\/index.php\/iletisim-bilgilerimiz\/#breadcrumb\",\"itemListElement\":[{\"@type\":\"ListItem\",\"position\":1,\"name\":\"Anasayfa\",\"item\":\"https:\/\/ngrobs.com\/\"},{\"@type\":\"ListItem\",\"position\":2,\"name\":\"\u0130leti\u015fim Bilgilerimiz\"}]},{\"@type\":\"WebSite\",\"@id\":\"https:\/\/ngrobs.com\/#website\",\"url\":\"https:\/\/ngrobs.com\/\",\"name\":\"G\u00fcne\u015f Paneli Y\u0131kama Robotu - Temizlik Robotu\",\"description\":\"Robotumuz Enerjiniz Olsun\",\"potentialAction\":[{\"@type\":\"SearchAction\",\"target\":{\"@type\":\"EntryPoint\",\"urlTemplate\":\"https:\/\/ngrobs.com\/?s={search_term_string}\"},\"query-input\":\"required name=search_term_string\"}],\"inLanguage\":\"tr\"}]}<\/script>\n<!-- \/ Yoast SEO plugin. -->","yoast_head_json":{"title":"Ngrobs- GES Temizleme Robotu - Solar Y\u0131kama Robotu - YERL\u0130","description":"GES Tezleme robotumuz G\u00fcne\u015f panellerinde g\u00fcvenilir ve kusursuz temizlik \u00e7\u00f6z\u00fcm\u00fc sunmaktad\u0131r. 'a yak\u0131n verim art\u0131\u015f\u0131 sa\u011flar. Patentli-Tescilli","robots":{"index":"index","follow":"follow","max-snippet":"max-snippet:-1","max-image-preview":"max-image-preview:large","max-video-preview":"max-video-preview:-1"},"canonical":"https:\/\/ngrobs.com\/index.php\/iletisim-bilgilerimiz\/","og_locale":"tr_TR","og_type":"article","og_title":"Ngrobs- GES Temizleme Robotu - Solar Y\u0131kama Robotu - YERL\u0130","og_description":"GES Tezleme robotumuz G\u00fcne\u015f panellerinde g\u00fcvenilir ve kusursuz temizlik \u00e7\u00f6z\u00fcm\u00fc sunmaktad\u0131r. 'a yak\u0131n verim art\u0131\u015f\u0131 sa\u011flar. Patentli-Tescilli","og_url":"https:\/\/ngrobs.com\/index.php\/iletisim-bilgilerimiz\/","og_site_name":"G\u00fcne\u015f Paneli Y\u0131kama Robotu - Temizlik Robotu","article_modified_time":"2025-04-12T20:25:40+00:00","twitter_card":"summary_large_image","twitter_misc":{"Tahmini okuma s\u00fcresi":"2 dakika"},"schema":{"@context":"https:\/\/schema.org","@graph":[{"@type":"WebPage","@id":"https:\/\/ngrobs.com\/index.php\/iletisim-bilgilerimiz\/","url":"https:\/\/ngrobs.com\/index.php\/iletisim-bilgilerimiz\/","name":"Ngrobs- GES Temizleme Robotu - Solar Y\u0131kama Robotu - YERL\u0130","isPartOf":{"@id":"https:\/\/ngrobs.com\/#website"},"datePublished":"2021-03-04T11:41:53+00:00","dateModified":"2025-04-12T20:25:40+00:00","description":"GES Tezleme robotumuz G\u00fcne\u015f panellerinde g\u00fcvenilir ve kusursuz temizlik \u00e7\u00f6z\u00fcm\u00fc sunmaktad\u0131r. 'a yak\u0131n verim art\u0131\u015f\u0131 sa\u011flar. Patentli-Tescilli","breadcrumb":{"@id":"https:\/\/ngrobs.com\/index.php\/iletisim-bilgilerimiz\/#breadcrumb"},"inLanguage":"tr","potentialAction":[{"@type":"ReadAction","target":["https:\/\/ngrobs.com\/index.php\/iletisim-bilgilerimiz\/"]}]},{"@type":"BreadcrumbList","@id":"https:\/\/ngrobs.com\/index.php\/iletisim-bilgilerimiz\/#breadcrumb","itemListElement":[{"@type":"ListItem","position":1,"name":"Anasayfa","item":"https:\/\/ngrobs.com\/"},{"@type":"ListItem","position":2,"name":"\u0130leti\u015fim Bilgilerimiz"}]},{"@type":"WebSite","@id":"https:\/\/ngrobs.com\/#website","url":"https:\/\/ngrobs.com\/","name":"G\u00fcne\u015f Paneli Y\u0131kama Robotu - Temizlik Robotu","description":"Robotumuz Enerjiniz Olsun","potentialAction":[{"@type":"SearchAction","target":{"@type":"EntryPoint","urlTemplate":"https:\/\/ngrobs.com\/?s={search_term_string}"},"query-input":"required name=search_term_string"}],"inLanguage":"tr"}]}},"_links":{"self":[{"href":"https:\/\/ngrobs.com\/index.php\/wp-json\/wp\/v2\/pages\/870","targetHints":{"allow":["GET"]}}],"collection":[{"href":"https:\/\/ngrobs.com\/index.php\/wp-json\/wp\/v2\/pages"}],"about":[{"href":"https:\/\/ngrobs.com\/index.php\/wp-json\/wp\/v2\/types\/page"}],"author":[{"embeddable":true,"href":"https:\/\/ngrobs.com\/index.php\/wp-json\/wp\/v2\/users\/1"}],"replies":[{"embeddable":true,"href":"https:\/\/ngrobs.com\/index.php\/wp-json\/wp\/v2\/comments?post=870"}],"version-history":[{"count":20,"href":"https:\/\/ngrobs.com\/index.php\/wp-json\/wp\/v2\/pages\/870\/revisions"}],"predecessor-version":[{"id":1925,"href":"https:\/\/ngrobs.com\/index.php\/wp-json\/wp\/v2\/pages\/870\/revisions\/1925"}],"wp:attachment":[{"href":"https:\/\/ngrobs.com\/index.php\/wp-json\/wp\/v2\/media?parent=870"}],"curies":[{"name":"wp","href":"https:\/\/api.w.org\/{rel}","templated":true}]}}