{"id":737,"date":"2021-03-03T08:42:27","date_gmt":"2021-03-03T08:42:27","guid":{"rendered":"https:\/\/themetechmount.com\/wordpress\/fablio\/?page_id=737"},"modified":"2023-02-13T22:37:40","modified_gmt":"2023-02-13T19:37:40","slug":"bayilik-basvurusu","status":"publish","type":"page","link":"https:\/\/ngrobs.com\/index.php\/bayilik-basvurusu\/","title":{"rendered":"Bayilik Ba\u015fvurusu"},"content":{"rendered":"<section class=\"wpb-content-wrapper\"><p>[vc_row tm_bgimagefixed=&#8221;&#8221; css=&#8221;.vc_custom_1615809786973{padding-bottom: 48px !important;}&#8221; tm_responsive_css=&#8221;16987661|colbreak_no|||||||||colbreak_no|||||40px||0px||colbreak_no||||||||||colbreak_no|||||||||&#8221;][vc_column]\n<div class=\"wpcf7 no-js\" id=\"wpcf7-f856-o1\" lang=\"en-US\" dir=\"ltr\">\n<div class=\"screen-reader-response\"><p role=\"status\" aria-live=\"polite\" aria-atomic=\"true\"><\/p> <ul><\/ul><\/div>\n<form action=\"\/index.php\/wp-json\/wp\/v2\/pages\/737#wpcf7-f856-o1\" method=\"post\" class=\"wpcf7-form init\" aria-label=\"Contact form\" novalidate=\"novalidate\" data-status=\"init\">\n<div style=\"display: none;\">\n<input type=\"hidden\" name=\"_wpcf7\" value=\"856\" \/>\n<input type=\"hidden\" name=\"_wpcf7_version\" value=\"5.7.3\" \/>\n<input type=\"hidden\" name=\"_wpcf7_locale\" value=\"en_US\" \/>\n<input type=\"hidden\" name=\"_wpcf7_unit_tag\" value=\"wpcf7-f856-o1\" \/>\n<input type=\"hidden\" name=\"_wpcf7_container_post\" value=\"0\" \/>\n<input type=\"hidden\" name=\"_wpcf7_posted_data_hash\" value=\"\" \/>\n<\/div>\n<div class=\"cmt-commonform cmt-contact-fablio-blog\">\n\t<div class=\"row\">\n\t\t<div class=\"col-md-6\">\n\t\t\t<p><span class=\"wpcf7-form-control-wrap\" data-name=\"adiniz\"><input size=\"40\" class=\"wpcf7-form-control wpcf7-text wpcf7-validates-as-required\" aria-required=\"true\" aria-invalid=\"false\" placeholder=\"Firma Ad\u0131n\u0131z\" value=\"\" type=\"text\" name=\"adiniz\" \/><\/span>\n\t\t\t<\/p>\n\t\t<\/div>\n\t\t<div class=\"col-md-6\">\n\t\t\t<p><span class=\"wpcf7-form-control-wrap\" data-name=\"Adnz\"><input size=\"40\" class=\"wpcf7-form-control wpcf7-text wpcf7-validates-as-required\" aria-required=\"true\" aria-invalid=\"false\" placeholder=\"Ad\u0131n\u0131z\" value=\"\" type=\"text\" name=\"Adnz\" \/><\/span>\n\t\t\t<\/p>\n\t\t<\/div>\n\t<\/div>\n\t<div class=\"row\">\n\t\t<div class=\"col-md-6\">\n\t\t\t<p><span class=\"wpcf7-form-control-wrap\" data-name=\"tel-151\"><input size=\"40\" class=\"wpcf7-form-control wpcf7-text wpcf7-tel wpcf7-validates-as-required wpcf7-validates-as-tel\" aria-required=\"true\" aria-invalid=\"false\" placeholder=\"Telefon Numaran\u0131z\" value=\"\" type=\"tel\" name=\"tel-151\" \/><\/span>\n\t\t\t<\/p>\n\t\t<\/div>\n\t\t<div class=\"col-md-6\">\n\t\t\t<p><span class=\"wpcf7-form-control-wrap\" data-name=\"email-508\"><input size=\"40\" class=\"wpcf7-form-control wpcf7-text wpcf7-email wpcf7-validates-as-email\" aria-invalid=\"false\" placeholder=\"Mail Adresiniz\" value=\"\" type=\"email\" name=\"email-508\" \/><\/span>\n\t\t\t<\/p>\n\t\t<\/div>\n\t<\/div>\n\t<div class=\"row\">\n\t\t<div class=\"col-md-6\">\n\t\t\t<p><span class=\"wpcf7-form-control-wrap\" data-name=\"WebSiteniz\"><input size=\"40\" class=\"wpcf7-form-control wpcf7-text\" aria-invalid=\"false\" placeholder=\"Web Siteniz\" value=\"\" type=\"text\" name=\"WebSiteniz\" \/><\/span>\n\t\t\t<\/p>\n\t\t<\/div>\n\t\t<div class=\"col-md-6\">\n\t\t\t<p><span class=\"wpcf7-form-control-wrap\" data-name=\"HizmetBlgeniz\"><input size=\"40\" class=\"wpcf7-form-control wpcf7-text\" aria-invalid=\"false\" placeholder=\"Hizmet B\u00f6lgeniz\" value=\"\" type=\"text\" name=\"HizmetBlgeniz\" \/><\/span>\n\t\t\t<\/p>\n\t\t<\/div>\n\t<\/div>\n\t<div class=\"row\">\n\t\t<div class=\"col-md-12\">\n\t\t\t<p><span class=\"wpcf7-form-control-wrap\" data-name=\"quiz-367\"><label><span class=\"wpcf7-quiz-label\">T\u00fcrkiye&#039;nin ba\u015fkenti?<\/span> <input size=\"40\" class=\"wpcf7-form-control wpcf7-quiz\" autocomplete=\"off\" aria-required=\"true\" aria-invalid=\"false\" type=\"text\" name=\"quiz-367\" \/><\/label><input type=\"hidden\" name=\"_wpcf7_quiz_answer_quiz-367\" value=\"5db02df9c509f58a839e7a5425c6e983\" \/><\/span>\n\t\t\t<\/p>\n\t\t<\/div>\n\t<\/div>\n\t<div class=\"row\">\n\t\t<div class=\"col-md-12\">\n\t\t\t<p><input class=\"wpcf7-form-control has-spinner wpcf7-submit\" type=\"submit\" value=\"Ba\u015fvur\" \/>\n\t\t\t<\/p>\n\t\t<\/div>\n\t<\/div>\n<\/div><div class=\"wpcf7-response-output\" aria-hidden=\"true\"><\/div>\n<\/form>\n<\/div>\n[\/vc_column][\/vc_row]<\/p>\n<\/section>","protected":false},"excerpt":{"rendered":"<p>[vc_row tm_bgimagefixed=&#8221;&#8221; css=&#8221;.vc_custom_1615809786973{padding-bottom: 48px !important;}&#8221; tm_responsive_css=&#8221;16987661|colbreak_no|||||||||colbreak_no|||||40px||0px||colbreak_no||||||||||colbreak_no|||||||||&#8221;][vc_column][\/vc_column][\/vc_row]<\/p>\n","protected":false},"author":1,"featured_media":0,"parent":0,"menu_order":0,"comment_status":"closed","ping_status":"closed","template":"","meta":{"footnotes":""},"class_list":["post-737","page","type-page","status-publish","hentry"],"yoast_head":"<!-- This site is optimized with the Yoast SEO plugin v20.1 - https:\/\/yoast.com\/wordpress\/plugins\/seo\/ -->\n<title>GES Temizlik Robotu - Yerli ve Patentli \u00dcretim - Bayilik Ba\u015fvurusu<\/title>\n<meta name=\"description\" content=\"solar temizleme robotu \u00e7at\u0131larda kullan\u0131lan g\u00fcne\u015f enerjisi panellerinin temizlenmesinde , enerji verimlili\u011fini art\u0131rmak i\u00e7in tasarlanm\u0131\u015ft\u0131r\" \/>\n<meta name=\"robots\" content=\"index, follow, max-snippet:-1, max-image-preview:large, max-video-preview:-1\" \/>\n<link rel=\"canonical\" href=\"https:\/\/ngrobs.com\/index.php\/bayilik-basvurusu\/\" \/>\n<meta property=\"og:locale\" content=\"tr_TR\" \/>\n<meta property=\"og:type\" content=\"article\" \/>\n<meta property=\"og:title\" content=\"GES Temizlik Robotu - Yerli ve Patentli \u00dcretim - Bayilik Ba\u015fvurusu\" \/>\n<meta property=\"og:description\" content=\"solar temizleme robotu \u00e7at\u0131larda kullan\u0131lan g\u00fcne\u015f enerjisi panellerinin temizlenmesinde , enerji verimlili\u011fini art\u0131rmak i\u00e7in tasarlanm\u0131\u015ft\u0131r\" \/>\n<meta property=\"og:url\" content=\"https:\/\/ngrobs.com\/index.php\/bayilik-basvurusu\/\" \/>\n<meta property=\"og:site_name\" content=\"G\u00fcne\u015f Paneli Y\u0131kama Robotu - Temizlik Robotu\" \/>\n<meta property=\"article:modified_time\" content=\"2023-02-13T19:37:40+00:00\" \/>\n<meta name=\"twitter:card\" content=\"summary_large_image\" \/>\n<meta name=\"twitter:label1\" content=\"Tahmini okuma s\u00fcresi\" \/>\n\t<meta name=\"twitter:data1\" content=\"1 dakika\" \/>\n<script type=\"application\/ld+json\" class=\"yoast-schema-graph\">{\"@context\":\"https:\/\/schema.org\",\"@graph\":[{\"@type\":\"WebPage\",\"@id\":\"https:\/\/ngrobs.com\/index.php\/bayilik-basvurusu\/\",\"url\":\"https:\/\/ngrobs.com\/index.php\/bayilik-basvurusu\/\",\"name\":\"GES Temizlik Robotu - Yerli ve Patentli \u00dcretim - Bayilik Ba\u015fvurusu\",\"isPartOf\":{\"@id\":\"https:\/\/ngrobs.com\/#website\"},\"datePublished\":\"2021-03-03T08:42:27+00:00\",\"dateModified\":\"2023-02-13T19:37:40+00:00\",\"description\":\"solar temizleme robotu \u00e7at\u0131larda kullan\u0131lan g\u00fcne\u015f enerjisi panellerinin temizlenmesinde , enerji verimlili\u011fini art\u0131rmak i\u00e7in tasarlanm\u0131\u015ft\u0131r\",\"breadcrumb\":{\"@id\":\"https:\/\/ngrobs.com\/index.php\/bayilik-basvurusu\/#breadcrumb\"},\"inLanguage\":\"tr\",\"potentialAction\":[{\"@type\":\"ReadAction\",\"target\":[\"https:\/\/ngrobs.com\/index.php\/bayilik-basvurusu\/\"]}]},{\"@type\":\"BreadcrumbList\",\"@id\":\"https:\/\/ngrobs.com\/index.php\/bayilik-basvurusu\/#breadcrumb\",\"itemListElement\":[{\"@type\":\"ListItem\",\"position\":1,\"name\":\"Anasayfa\",\"item\":\"https:\/\/ngrobs.com\/\"},{\"@type\":\"ListItem\",\"position\":2,\"name\":\"Bayilik Ba\u015fvurusu\"}]},{\"@type\":\"WebSite\",\"@id\":\"https:\/\/ngrobs.com\/#website\",\"url\":\"https:\/\/ngrobs.com\/\",\"name\":\"G\u00fcne\u015f Paneli Y\u0131kama Robotu - Temizlik Robotu\",\"description\":\"Robotumuz Enerjiniz Olsun\",\"potentialAction\":[{\"@type\":\"SearchAction\",\"target\":{\"@type\":\"EntryPoint\",\"urlTemplate\":\"https:\/\/ngrobs.com\/?s={search_term_string}\"},\"query-input\":\"required name=search_term_string\"}],\"inLanguage\":\"tr\"}]}<\/script>\n<!-- \/ Yoast SEO plugin. -->","yoast_head_json":{"title":"GES Temizlik Robotu - Yerli ve Patentli \u00dcretim - Bayilik Ba\u015fvurusu","description":"solar temizleme robotu \u00e7at\u0131larda kullan\u0131lan g\u00fcne\u015f enerjisi panellerinin temizlenmesinde , enerji verimlili\u011fini art\u0131rmak i\u00e7in tasarlanm\u0131\u015ft\u0131r","robots":{"index":"index","follow":"follow","max-snippet":"max-snippet:-1","max-image-preview":"max-image-preview:large","max-video-preview":"max-video-preview:-1"},"canonical":"https:\/\/ngrobs.com\/index.php\/bayilik-basvurusu\/","og_locale":"tr_TR","og_type":"article","og_title":"GES Temizlik Robotu - Yerli ve Patentli \u00dcretim - Bayilik Ba\u015fvurusu","og_description":"solar temizleme robotu \u00e7at\u0131larda kullan\u0131lan g\u00fcne\u015f enerjisi panellerinin temizlenmesinde , enerji verimlili\u011fini art\u0131rmak i\u00e7in tasarlanm\u0131\u015ft\u0131r","og_url":"https:\/\/ngrobs.com\/index.php\/bayilik-basvurusu\/","og_site_name":"G\u00fcne\u015f Paneli Y\u0131kama Robotu - Temizlik Robotu","article_modified_time":"2023-02-13T19:37:40+00:00","twitter_card":"summary_large_image","twitter_misc":{"Tahmini okuma s\u00fcresi":"1 dakika"},"schema":{"@context":"https:\/\/schema.org","@graph":[{"@type":"WebPage","@id":"https:\/\/ngrobs.com\/index.php\/bayilik-basvurusu\/","url":"https:\/\/ngrobs.com\/index.php\/bayilik-basvurusu\/","name":"GES Temizlik Robotu - Yerli ve Patentli \u00dcretim - Bayilik Ba\u015fvurusu","isPartOf":{"@id":"https:\/\/ngrobs.com\/#website"},"datePublished":"2021-03-03T08:42:27+00:00","dateModified":"2023-02-13T19:37:40+00:00","description":"solar temizleme robotu \u00e7at\u0131larda kullan\u0131lan g\u00fcne\u015f enerjisi panellerinin temizlenmesinde , enerji verimlili\u011fini art\u0131rmak i\u00e7in tasarlanm\u0131\u015ft\u0131r","breadcrumb":{"@id":"https:\/\/ngrobs.com\/index.php\/bayilik-basvurusu\/#breadcrumb"},"inLanguage":"tr","potentialAction":[{"@type":"ReadAction","target":["https:\/\/ngrobs.com\/index.php\/bayilik-basvurusu\/"]}]},{"@type":"BreadcrumbList","@id":"https:\/\/ngrobs.com\/index.php\/bayilik-basvurusu\/#breadcrumb","itemListElement":[{"@type":"ListItem","position":1,"name":"Anasayfa","item":"https:\/\/ngrobs.com\/"},{"@type":"ListItem","position":2,"name":"Bayilik Ba\u015fvurusu"}]},{"@type":"WebSite","@id":"https:\/\/ngrobs.com\/#website","url":"https:\/\/ngrobs.com\/","name":"G\u00fcne\u015f Paneli Y\u0131kama Robotu - Temizlik Robotu","description":"Robotumuz Enerjiniz Olsun","potentialAction":[{"@type":"SearchAction","target":{"@type":"EntryPoint","urlTemplate":"https:\/\/ngrobs.com\/?s={search_term_string}"},"query-input":"required name=search_term_string"}],"inLanguage":"tr"}]}},"_links":{"self":[{"href":"https:\/\/ngrobs.com\/index.php\/wp-json\/wp\/v2\/pages\/737","targetHints":{"allow":["GET"]}}],"collection":[{"href":"https:\/\/ngrobs.com\/index.php\/wp-json\/wp\/v2\/pages"}],"about":[{"href":"https:\/\/ngrobs.com\/index.php\/wp-json\/wp\/v2\/types\/page"}],"author":[{"embeddable":true,"href":"https:\/\/ngrobs.com\/index.php\/wp-json\/wp\/v2\/users\/1"}],"replies":[{"embeddable":true,"href":"https:\/\/ngrobs.com\/index.php\/wp-json\/wp\/v2\/comments?post=737"}],"version-history":[{"count":4,"href":"https:\/\/ngrobs.com\/index.php\/wp-json\/wp\/v2\/pages\/737\/revisions"}],"predecessor-version":[{"id":1898,"href":"https:\/\/ngrobs.com\/index.php\/wp-json\/wp\/v2\/pages\/737\/revisions\/1898"}],"wp:attachment":[{"href":"https:\/\/ngrobs.com\/index.php\/wp-json\/wp\/v2\/media?parent=737"}],"curies":[{"name":"wp","href":"https:\/\/api.w.org\/{rel}","templated":true}]}}