{"id":731,"date":"2021-03-03T07:25:34","date_gmt":"2021-03-03T07:25:34","guid":{"rendered":"https:\/\/themetechmount.com\/wordpress\/fablio\/?page_id=731"},"modified":"2023-10-17T18:17:39","modified_gmt":"2023-10-17T15:17:39","slug":"ges-temizleme-robotu","status":"publish","type":"page","link":"https:\/\/ngrobs.com\/index.php\/ges-temizleme-robotu\/","title":{"rendered":"G\u00fcne\u015f Paneli Temizleme Robotu"},"content":{"rendered":"<section class=\"wpb-content-wrapper\"><p>[vc_row tm_bgimagefixed=&#8221;&#8221; break_in_responsive=&#8221;991&#8243; full_width=&#8221;stretch_row&#8221; tm_responsive_css=&#8221;41793898|colbreak_no|||||||||colbreak_no|||||0px||20px||colbreak_no||||||||||colbreak_no|||||||||&#8221; css=&#8221;.vc_custom_1615960871360{padding-bottom: 0px !important;}&#8221;][vc_column width=&#8221;1\/2&#8243; tm_responsive_css=&#8221;23101184|colbreak_no|||||||||colbreak_no|||||20px||||colbreak_no||||||||||colbreak_no|||||||||&#8221;][vc_single_image image=&#8221;1795&#8243; img_size=&#8221;full&#8221;][\/vc_column][vc_column width=&#8221;1\/2&#8243;]<div class=\"tm-element-heading-wrapper tm-heading-inner tm-element-align-left tm-seperator-none tm-heading-style-vertical \"><section class=\"tm-vc_cta3-container\"><div class=\"tm-vc_general tm-vc_cta3 tm-cta3-only tm-vc_cta3-style-classic tm-vc_cta3-shape-rounded tm-vc_cta3-align-left tm-vc_cta3-color-transparent tm-vc_cta3-icon-size-md tm-vc_cta3-actions-no tm-cta3-with-desc\"><div class=\"tm-vc_cta3_content-container\"><div class=\"tm-vc_cta3-content\"><header class=\"tm-vc_cta3-content-header tm-wrap\"><div class=\"tm-vc_cta3-headers tm-wrap-cell\"><h4 class=\"tm-custom-heading \" >NG CLEAN-TECH ROBOTS<\/h4>\n<h2 class=\"tm-custom-heading \" >G\u00fcne\u015f Paneli <b>Temizleme Robotumuz<\/b><\/h2>\n<\/div><div class=\"heading-seperator\"><span><\/span><\/div><\/header><div class=\"tm-cta3-content-wrapper\">\n<p style=\"text-align: justify;\">Robotumuz \u00e7at\u0131larda kullan\u0131lan g\u00fcne\u015f enerjisi panellerinin temizlenmesinde , <strong>enerji verimlili\u011fini art\u0131rmak\u00a0<\/strong> i\u00e7in tasarlanm\u0131\u015ft\u0131r. <strong>Mod\u00fcler ve kompakt<\/strong> yap\u0131s\u0131yla kolay ta\u015f\u0131nabilir,montaj yap\u0131labilir yap\u0131dad\u0131r.Bu sebeple epc \u015firketleri , yat\u0131r\u0131m yapan sanayi kurulu\u015flar\u0131\u00a0 ve en \u00f6nemlisi solar paneli temizleme i\u015fi yapan temizlik \u015firketleri i\u00e7in \u00e7ok faydal\u0131d\u0131r. Robotumuzun temizleme verimlili\u011fi <strong>saatte 800-1200m<\/strong><sup><strong>2<\/strong>\u00a0 <\/sup>ortalama, temizleme verimlili\u011fi ise saatte 600m<sup>2<\/sup> ortalamaya ula\u015f\u0131r. Ayr\u0131ca panellerin elle temizlenmesi m\u00fcmk\u00fcn olmad\u0131\u011f\u0131 geni\u015f,<strong>b\u00fcy\u00fck alanl\u0131 \u00e7at\u0131 \u00fczeri<\/strong> santraller i\u00e7in robotumuz \u00e7ok iyi bir se\u00e7imdir.<\/p>\n<p style=\"text-align: left;\">Solar temizleme robotumuzun \u00f6n ve arkas\u0131ndaki iki adet uzun f\u0131r\u00e7as\u0131yla\u00a0 g\u00fcne\u015f panelleri \u00fczerinde belirli bir bas\u0131n\u00e7 uygulayarak\u00a0 <strong>ozmozik su ile kaliteli temizlik<\/strong> yapar.<\/p>\n<p style=\"text-align: justify;\">Temizleme robotu operat\u00f6r\u00fc uzaktan kontrol kumandas\u0131 \u00fczerindeki <strong>joystik<\/strong> ile robotun kontrol\u00fcn\u00fc sa\u011flar ve kullan\u0131r.Robotumuzun <strong>mod\u00fcler<\/strong> yap\u0131s\u0131yla operat\u00f6r taraf\u0131ndan kolayca \u00e7at\u0131ya \u00e7\u0131kar\u0131l\u0131r ve 10dk.gibi k\u0131sa bir s\u00fcrede kurulumunu yapabilir. Yakla\u015f\u0131k 100mt uzunlu\u011funda bas\u0131nca dayan\u0131kl\u0131 hortumu olan bas\u0131n\u00e7l\u0131 sistem ile kullan\u0131l\u0131r.<\/p>\n<p><\/div><\/div><\/div><\/div><\/section><\/div> <!-- .tm-element-heading-wrapper container --> \r\n\t\t<div class=\"tm-vc_btn3-container tm-vc_btn3-center\"><a class=\"tm-vc_general tm-vc_btn3 tm-vc_btn3-size-md tm-vc_btn3-shape-rounded tm-vc_btn3-style-flat tm-vc_btn3-weight-no tm-vc_btn3-color-skincolor\" href=\"https:\/\/ngrobs.com\/index.php\/ges-robot-resimleri\/\" title=\"GES Temizlik Robotu\">Robot Resim ve Videolar\u0131 \u0130\u00e7in T\u0131klay\u0131n\u0131z<\/a><\/div>[\/vc_column][\/vc_row][vc_row tm_bgcolor=&#8221;skincolor&#8221; tm_bgimagefixed=&#8221;&#8221; break_in_responsive=&#8221;991&#8243; tm_zindex=&#8221;1&#8243; equal_height=&#8221;yes&#8221; css=&#8221;.vc_custom_1615895137566{padding-top: 0px !important;padding-right: 0px !important;padding-bottom: 0px !important;}&#8221; tm_responsive_css=&#8221;92226595|colbreak_no|||||||||colbreak_no|||||||0px||colbreak_no||||||||||colbreak_no|||||||||&#8221;][vc_column tm_bgcolor=&#8221;skincolor&#8221; tm_col_bg_expand=&#8221;left&#8221; width=&#8221;1\/2&#8243; css=&#8221;.vc_custom_1615049233018{padding-top: 20px !important;padding-bottom: 5px !important;}&#8221; el_class=&#8221;tm-triangle-columnright&#8221;]<div class=\"themetechmount-iconbox themetechmount-iconbox-stylethree themetechmount-iconbox-stylethirteen \">\n\t<div class=\"themetechmount-iconbox-inner tm-boxicon-default\">\n\t\t<div class=\"tm-iconbox-wrapper tm-wrap\">\n\t\t\t<div class=\"themetechmount-iconbox-icon tm-wrap-cell\">\n\t\t\t\t<div class=\"tm-box-icon\"><i class=\"kw_fablio flaticon-clock\"><\/i><\/div>\t\n\t\t\t<\/div>\n\t\t\t<div class=\"themetechmount-iconbox-heading tm-wrap-cell\">\n\t\t\t\t<div class=\"tm-vc_general tm-vc_cta3 tm-cta3-only tm-vc_cta3-style-classic tm-vc_cta3-shape-rounded tm-vc_cta3-align-left tm-vc_cta3-color-transparent tm-vc_cta3-icon-size-md tm-vc_cta3-actions-no tm-cta3-without-desc\"><div class=\"tm-vc_cta3_content-container\"><div class=\"tm-vc_cta3-content\"><header class=\"tm-vc_cta3-content-header tm-wrap\"><div class=\"tm-vc_cta3-headers tm-wrap-cell\"><h2 style=\"font-size:32px\" class=\"tm-custom-heading \">GES Temizlik Robotumuzla<\/h2>\n<h4 class=\"tm-custom-heading tm-fontweight-normal \">Enerjiniz Daha da Y\u00fcksek<\/h4>\n<\/div><div class=\"heading-seperator\"><span><\/span><\/div><\/header><\/div><\/div><\/div>\t\t\t\t\t<div class=\"tm-iconbox-boxcontent\">\t\t\t\n\t\t\t\t\t\t\t\t\t\t<\/div>\n\t\t\t\t\t<div class=\"themetechmount-iconbox-button\">\n\t\t\t\t\t\t\t\t\t\t<\/div>\n\t\t\t<\/div>\t\n\t\t<\/div>\n\t<\/div>\t\n<\/div>\n [\/vc_column][vc_column tm_bgimage_position=&#8221;left_center&#8221; width=&#8221;1\/2&#8243; css=&#8221;.vc_custom_1676319137828{background-image: url(https:\/\/ngrobs.com\/wp-content\/uploads\/2023\/02\/ges-yikama-resim-min.png?id=1740) !important;background-position: center !important;background-repeat: no-repeat !important;background-size: cover !important;}&#8221; el_class=&#8221;tm-hide991px&#8221;][\/vc_column][\/vc_row][vc_row][vc_column]<div class=\"tm-element-heading-wrapper tm-heading-inner tm-element-align-center tm-seperator-none tm-heading-style-vertical \"><section class=\"tm-vc_cta3-container\"><div class=\"tm-vc_general tm-vc_cta3 tm-cta3-only tm-vc_cta3-style-classic tm-vc_cta3-shape-rounded tm-vc_cta3-align-center tm-vc_cta3-color-transparent tm-vc_cta3-icon-size-md tm-vc_cta3-actions-no tm-cta3-without-desc\"><div class=\"tm-vc_cta3_content-container\"><div class=\"tm-vc_cta3-content\"><header class=\"tm-vc_cta3-content-header tm-wrap\"><div class=\"tm-vc_cta3-headers tm-wrap-cell\"><h4 class=\"tm-custom-heading \" >G\u00dcNE\u015e PANEL\u0130 TEM\u0130ZLEME ROBOTU 1200 mm<\/h4>\n<h2 class=\"tm-custom-heading \" >GES TEM\u0130ZLEME ROBOTU TEKN\u0130K D\u00d6K\u00dcMAN<\/h2>\n<\/div><div class=\"heading-seperator\"><span><\/span><\/div><\/header><\/div><\/div><\/div><\/section><\/div> <!-- .tm-element-heading-wrapper container --> [vc_column_text]<\/p>\n<table width=\"100%\">\n<tbody>\n<tr>\n<td width=\"255\"><strong>A\u011eIRLIK<\/strong><\/td>\n<td width=\"114\"><strong>54,0 kg<br \/>\n(60,0 KG BATARYA DAH\u0130L)<br \/>\n<\/strong><\/td>\n<td width=\"343\"><strong>AK\u00dc DAH\u0130L A\u011eIRLIK \/ 0,010068MPa(HER B\u0130R PALET \u0130\u00c7\u0130N)<\/strong><br \/>\n<strong>A\u011eIRLIK MERKEZ\u0130 E\u015e\u0130T DA\u011eILIMI<\/strong><\/td>\n<\/tr>\n<tr>\n<td width=\"255\"><strong>EN\u0130<\/strong><\/td>\n<td width=\"114\"><strong>1355 mm<\/strong><\/td>\n<td width=\"343\">&#8211;<\/td>\n<\/tr>\n<tr>\n<td width=\"255\"><strong>BOYU<\/strong><\/td>\n<td width=\"114\"><strong>1445mm<\/strong><\/td>\n<td width=\"343\">&#8211;<\/td>\n<\/tr>\n<tr>\n<td width=\"255\"><strong>Y\u00dcKSEKL\u0130K<\/strong><\/td>\n<td width=\"114\"><strong>380 mm<\/strong><\/td>\n<td width=\"343\">&#8211;<\/td>\n<\/tr>\n<tr>\n<td width=\"255\"><strong>FIR\u00c7A ADET\u0130<\/strong><\/td>\n<td width=\"114\"><strong>2 x 1200 mm<\/strong><\/td>\n<td width=\"343\"><strong>2 ADET UZUN RULO FIR\u00c7A<\/strong><\/td>\n<\/tr>\n<tr>\n<td width=\"255\"><strong>ROBOT MAX.HIZI<\/strong><\/td>\n<td width=\"114\"><strong>56m\/dk<\/strong><\/td>\n<td width=\"343\"><strong>HIZ AYARI YAPILAB\u0130L\u0130R<\/strong><\/td>\n<\/tr>\n<tr>\n<td width=\"255\"><strong>TEM\u0130ZLEME HIZI m2\/saat<\/strong><\/td>\n<td width=\"114\"><strong>1200m<sup>2<\/sup>\/saat<\/strong><\/td>\n<td width=\"343\"><strong>HIZ AYARI YAPILAB\u0130L\u0130R<\/strong><\/td>\n<\/tr>\n<tr>\n<td width=\"255\"><strong>TEM\u0130ZLEME HIZI mt\/dk<\/strong><\/td>\n<td width=\"114\"><strong>16,2 mt\/dk<\/strong><\/td>\n<td width=\"343\"><strong>HIZ AYARI YAPILAB\u0130L\u0130R<\/strong><\/td>\n<\/tr>\n<tr>\n<td width=\"255\"><strong>G\u00dcNE\u015e PANELLER\u0130 E\u011e\u0130M\u0130<\/strong><\/td>\n<td width=\"114\"><strong><sup><span style=\"font-size: 16px;\">16 + Derece\u00a0\u00a0<\/span><\/sup><\/strong><\/td>\n<td width=\"343\"><strong>HAVA KO\u015eULLARI VE K\u0130RL\u0130L\u0130K ORANINA G\u00d6RE DE\u011e\u0130\u015eKENL\u0130K SA\u011eLAYAB\u0130L\u0130R<\/strong><\/td>\n<\/tr>\n<tr>\n<td width=\"255\"><strong>MOTORLAR<\/strong><\/td>\n<td width=\"114\"><strong>IP65<\/strong><\/td>\n<td width=\"343\"><strong>SUYA KAR\u015eI DAYANIKLI<\/strong><\/td>\n<\/tr>\n<tr>\n<td width=\"255\"><strong>SU T\u00dcKET\u0130M\u0130<\/strong><\/td>\n<td width=\"114\"><strong>600-800 L\/saat<\/strong><\/td>\n<td width=\"343\"><strong>ORTALAMA KULLANIM<\/strong><\/td>\n<\/tr>\n<tr>\n<td width=\"255\"><strong>YIKAMA FIR\u00c7ALARI D\u00d6NME DEVR\u0130<\/strong><\/td>\n<td width=\"114\"><strong>160rpm<\/strong><\/td>\n<td width=\"343\"><strong>HIZ AYARI YAPILAB\u0130L\u0130R<\/strong><\/td>\n<\/tr>\n<tr>\n<td width=\"255\"><strong>BATARYA G\u00dcC\u00dc \/ \u00c7ALI\u015eMA SAAT\u0130<\/strong><\/td>\n<td width=\"114\"><strong>40Ah \/ 3,5 &#8211; 4 saat<\/strong><\/td>\n<td width=\"343\"><strong>2 BATARYA+\u015eARJ ALET\u0130<\/strong><\/td>\n<\/tr>\n<tr>\n<td width=\"255\"><strong>BATARYA KORUMASI <\/strong><\/td>\n<td colspan=\"2\" width=\"457\"><strong>Y\u00dcKSEK SICAKLIK KORUMA ,Y\u00dcKSEK AMPER KORUMASI , BMS KARTI<\/strong><\/td>\n<\/tr>\n<tr>\n<td width=\"255\"><strong>TA\u015eIMA KOLAYLI\u011eI<\/strong><\/td>\n<td colspan=\"2\" width=\"457\"><strong>4 ANA PAR\u00c7A , KOLAY KURULUM, 6 PAR\u00c7A OLAB\u0130LME.<\/strong><\/td>\n<\/tr>\n<tr>\n<td width=\"255\"><strong>G\u00d6VDE YAPISI<\/strong><\/td>\n<td colspan=\"2\" width=\"457\"><strong>PASLANMAZ<\/strong><\/td>\n<\/tr>\n<tr>\n<td width=\"255\"><strong>UZAKTAN KUMANDA KONTOL<\/strong><\/td>\n<td colspan=\"2\" width=\"457\"><strong>150mt\u00a0 B\u0130R\u0130NC\u0130 SINIF S\u0130NYAL G\u00dcC\u00dc,Y\u00dcR\u00dcY\u00dc\u015e HIZ AYARLAYAB\u0130LME , FIR\u00c7A ON-OFF VE DEV\u0130R AYARLAYAB\u0130LME , BATARYA G\u00dcC\u00dc G\u00d6RME \u0130KAZI, PANEL YOK \u0130KAZI,<\/strong><\/td>\n<\/tr>\n<\/tbody>\n<\/table>\n<p>[\/vc_column_text][\/vc_column][\/vc_row][vc_row tm_bgimagefixed=&#8221;&#8221; break_in_responsive=&#8221;991&#8243; full_width=&#8221;stretch_row&#8221; tm_responsive_css=&#8221;41793898|colbreak_no|||||||||colbreak_no|||||50px||25px||colbreak_no||||||||||colbreak_no|||||||||&#8221; css=&#8221;.vc_custom_1676129397634{padding-top: 0px !important;padding-bottom: 53px !important;}&#8221;][vc_column width=&#8221;1\/2&#8243; el_class=&#8221;tm-heading-rotate&#8221;][vc_single_image image=&#8221;1739&#8243; img_size=&#8221;full&#8221;]<h4 style=\"text-align:left;font-size:16px;line-height:26px;\" class=\"tm-custom-heading \" >2 Y\u0131l Full Garanti<\/h4>\n[\/vc_column][vc_column width=&#8221;1\/2&#8243;]<div class=\"tm-element-heading-wrapper tm-heading-inner tm-element-align-left tm-seperator-none tm-heading-style-vertical \"><section class=\"tm-vc_cta3-container\"><div class=\"tm-vc_general tm-vc_cta3 tm-cta3-only tm-vc_cta3-style-classic tm-vc_cta3-shape-rounded tm-vc_cta3-align-left tm-vc_cta3-color-transparent tm-vc_cta3-icon-size-md tm-vc_cta3-actions-no tm-cta3-with-desc\"><div class=\"tm-vc_cta3_content-container\"><div class=\"tm-vc_cta3-content\"><header class=\"tm-vc_cta3-content-header tm-wrap\"><div class=\"tm-vc_cta3-headers tm-wrap-cell\"><h4 class=\"tm-custom-heading \" >NG CLEAN-TECH ROBOTS<\/h4>\n<h2 class=\"tm-custom-heading \" >G\u00fcne\u015f Paneli Y\u0131kama Robotu<b> \u00dcreticisi<\/b><\/h2>\n<\/div><div class=\"heading-seperator\"><span><\/span><\/div><\/header><div class=\"tm-cta3-content-wrapper\"><p>Firmam\u0131z 2009 y\u0131l\u0131ndan bu g\u00fcne faliyet g\u00f6stermekte olup, sekt\u00f6r\u00fcnde bir \u00e7ok \u00f6zel tasar\u0131ma ve imalata imza atan firmam\u0131z, b\u00fcnyesinde tasar\u0131mdan imalata, otomasyondan yaz\u0131l\u0131ma bir \u00e7ok \u00fcretimi kendi b\u00fcnyesinde kendi ekibi ile ger\u00e7ekle\u015ftirmektedir. 2019 y\u0131l\u0131nda g\u00fcne\u015f paneli temizleme ve y\u0131kama robotu ilk tasar\u0131m\u0131n\u0131 yapm\u0131\u015f olup AR-GE \u00e7al\u0131\u015fmalar\u0131n\u0131 ba\u015flatm\u0131\u015ft\u0131r. 2,5 y\u0131ll\u0131k yo\u011fun AR-GE \u00e7al\u0131\u015fmalar\u0131 neticesinde 2022 y\u0131l\u0131nda ilk ticari \u00fcretimini ger\u00e7ekle\u015ftirmi\u015ftir. Yo\u011fun test ve ara\u015ft\u0131rmalar neticesinde y\u00fcksek derecelerde sorunsuz \u00e7al\u0131\u015fabilen bir robot \u00fcretimini yap\u0131p kullan\u0131c\u0131lara robotik \u00e7\u00f6z\u00fcmler sunmaktad\u0131r.<\/p><\/div><\/div><\/div><\/div><\/section><\/div> <!-- .tm-element-heading-wrapper container --> [vc_row_inner css=&#8221;.vc_custom_1615272433162{padding-top: 7px !important;}&#8221;][vc_column_inner][vc_separator color=&#8221;custom&#8221; accent_color=&#8221;#f3f3f3&#8243; css=&#8221;.vc_custom_1615654939153{margin-bottom: 31px !important;}&#8221;][\/vc_column_inner][\/vc_row_inner][vc_row_inner el_class=&#8221;tm-custome-icon-style2&#8243;][vc_column_inner]<div class=\"themetechmount-iconbox themetechmount-iconbox-stylenine \">\n\t<div class=\"themetechmount-iconbox-inner tm-boxicon-small tm-iconstyle-rounded\">\n\t\t<div class=\"tm-iconbox-wrapper tm-wrap\">\n\t\t\t<div class=\"themetechmount-iconbox-icon tm-wrap-cell\">\n\t\t\t\t<div class=\"tm-box-icon\"><i class=\"fa fa-thumbs-up\"><\/i><\/div>\t\n\t\t\t<\/div>\n\t\t\t<div class=\"themetechmount-iconbox-heading tm-wrap-cell\">\n\t\t\t\t<div class=\"tm-vc_general tm-vc_cta3 tm-cta3-only tm-vc_cta3-style-classic tm-vc_cta3-shape-rounded tm-vc_cta3-align-left tm-vc_cta3-color-transparent tm-vc_cta3-icon-size-md tm-vc_cta3-actions-no tm-cta3-without-desc\"><div class=\"tm-vc_cta3_content-container\"><div class=\"tm-vc_cta3-content\"><header class=\"tm-vc_cta3-content-header tm-wrap\"><div class=\"tm-vc_cta3-headers tm-wrap-cell\"><\/div><div class=\"heading-seperator\"><span><\/span><\/div><\/header><\/div><\/div><\/div>\t\t\t\t\t<div class=\"tm-iconbox-boxcontent\">\t\t\t\n\t\t\t\t\t<div class=\"tm-cta3-content-wrapper\">G\u00fc\u00e7l\u00fc AR-GE \u00e7al\u0131\u015fmas\u0131 sonucu \u00fcretilen \u00fcr\u00fcn\u00fcm\u00fcz\u00fcn her zaman arkas\u0131nda durarak bayilerimize tam destek veriyoruz<\/div>\t\t\t\t\t<\/div>\n\t\t\t<\/div>\t\n\t\t<\/div>\n\t<\/div>\t\n<\/div>\n[\/vc_column_inner][\/vc_row_inner][vc_row_inner el_class=&#8221;tm-column-inline tm-reset-all-left-991&#8243; css=&#8221;.vc_custom_1615897724536{padding-top: 25px !important;}&#8221;][vc_column_inner width=&#8221;1\/2&#8243;]\r\n\t\t<div class=\"tm-vc_btn3-container tm-vc_btn3-inline\"><a class=\"tm-vc_general tm-vc_btn3 tm-vc_btn3-size-md tm-vc_btn3-shape-square tm-vc_btn3-style-flat tm-vc_btn3-weight-no tm-vc_btn3-color-skincolor\" href=\"https:\/\/ngrobs.com\/index.php\/bayilik-basvurusu\/\" title=\"Bayilik Ba\u015fvurusu\">BAY\u0130L\u0130K BA\u015eVURUSU<\/a><\/div>[\/vc_column_inner][vc_column_inner el_class=&#8221;tm-custome-icon-style2&#8243; width=&#8221;1\/2&#8243;]<div class=\"themetechmount-iconbox themetechmount-iconbox-styletwo \">\n\t<div class=\"themetechmount-iconbox-inner\">\n\t\t<div class=\"tm-iconbox-wrapper tm-wrap\">\n\t\t\t<div class=\"themetechmount-iconbox-icon tm-wrap-cell\">\n\t\t\t\t<div class=\"tm-box-icon\"><i class=\"fa fa-phone\"><\/i><\/div>\t\n\t\t\t<\/div>\n\t\t\t<div class=\"themetechmount-iconbox-heading tm-wrap-cell\">\n\t\t\t\t<div class=\"tm-vc_general tm-vc_cta3 tm-cta3-only tm-vc_cta3-style-classic tm-vc_cta3-shape-rounded tm-vc_cta3-align-left tm-vc_cta3-color-transparent tm-vc_cta3-icon-size-md tm-vc_cta3-actions-no tm-cta3-without-desc\"><div class=\"tm-vc_cta3_content-container\"><div class=\"tm-vc_cta3-content\"><header class=\"tm-vc_cta3-content-header tm-wrap\"><div class=\"tm-vc_cta3-headers tm-wrap-cell\"><h2 class=\"tm-custom-heading \">+90 505 232 0 272<\/h2>\n<\/div><div class=\"heading-seperator\"><span><\/span><\/div><\/header><\/div><\/div><\/div>\t\t\t<\/div>\n\t\t<\/div>\n\t\t\t<div class=\"tm-iconbox-boxcontent\">\t\t\t\n\t\t\t\t\t\t\t<div class=\"themetechmount-iconbox-button\">\n\t\t\t\t\t\t\t\t\t<\/div>\n\t\t\t<\/div>\t\n\t<\/div>\t\n<\/div>\n[\/vc_column_inner][\/vc_row_inner][\/vc_column][\/vc_row]<\/p>\n<\/section>","protected":false},"excerpt":{"rendered":"<p>[vc_row tm_bgimagefixed=&#8221;&#8221; break_in_responsive=&#8221;991&#8243; full_width=&#8221;stretch_row&#8221; tm_responsive_css=&#8221;41793898|colbreak_no|||||||||colbreak_no|||||0px||20px||colbreak_no||||||||||colbreak_no|||||||||&#8221; css=&#8221;.vc_custom_1615960871360{padding-bottom: 0px !important;}&#8221;][vc_column width=&#8221;1\/2&#8243; tm_responsive_css=&#8221;23101184|colbreak_no|||||||||colbreak_no|||||20px||||colbreak_no||||||||||colbreak_no|||||||||&#8221;][vc_single_image image=&#8221;1795&#8243; img_size=&#8221;full&#8221;][\/vc_column][vc_column width=&#8221;1\/2&#8243;][\/vc_column][\/vc_row][vc_row tm_bgcolor=&#8221;skincolor&#8221; tm_bgimagefixed=&#8221;&#8221; break_in_responsive=&#8221;991&#8243; tm_zindex=&#8221;1&#8243; equal_height=&#8221;yes&#8221; css=&#8221;.vc_custom_1615895137566{padding-top: 0px !important;padding-right: 0px !important;padding-bottom: 0px !important;}&#8221; tm_responsive_css=&#8221;92226595|colbreak_no|||||||||colbreak_no|||||||0px||colbreak_no||||||||||colbreak_no|||||||||&#8221;][vc_column tm_bgcolor=&#8221;skincolor&#8221; tm_col_bg_expand=&#8221;left&#8221; width=&#8221;1\/2&#8243; css=&#8221;.vc_custom_1615049233018{padding-top: 20px !important;padding-bottom: 5px !important;}&#8221; el_class=&#8221;tm-triangle-columnright&#8221;][\/vc_column][vc_column tm_bgimage_position=&#8221;left_center&#8221; width=&#8221;1\/2&#8243; css=&#8221;.vc_custom_1676319137828{background-image: url(https:\/\/ngrobs.com\/wp-content\/uploads\/2023\/02\/ges-yikama-resim-min.png?id=1740) !important;background-position: center !important;background-repeat: no-repeat !important;background-size: cover !important;}&#8221; el_class=&#8221;tm-hide991px&#8221;][\/vc_column][\/vc_row][vc_row][vc_column][vc_column_text] A\u011eIRLIK 54,0 kg (60,0 KG BATARYA DAH\u0130L) AK\u00dc &hellip; <a href=\"https:\/\/ngrobs.com\/index.php\/ges-temizleme-robotu\/\" class=\"more-link\">Continue reading <span class=\"screen-reader-text\">G\u00fcne\u015f Paneli Temizleme Robotu<\/span><\/a><\/p>\n","protected":false},"author":1,"featured_media":0,"parent":0,"menu_order":0,"comment_status":"closed","ping_status":"closed","template":"","meta":{"footnotes":""},"class_list":["post-731","page","type-page","status-publish","hentry"],"yoast_head":"<!-- This site is optimized with the Yoast SEO plugin v20.1 - https:\/\/yoast.com\/wordpress\/plugins\/seo\/ -->\n<title>G\u00fcne\u015f Paneli Temizleme Robotu - Ngrobs - Robotik Temizlik \u00c7\u00f6z.<\/title>\n<meta name=\"description\" content=\"Patentli ve Tasar\u0131m Tescilli, YERL\u0130 \u00dcRET\u0130M Solar temizleme robotu, g\u00fcne\u015f panellerinin temizli\u011finde robotik \u00e7\u00f6z\u00fcmler sunan robotumuz i\u00e7in t\u0131klay\u0131n\u0131z\" \/>\n<meta name=\"robots\" content=\"index, follow, max-snippet:-1, max-image-preview:large, max-video-preview:-1\" \/>\n<link rel=\"canonical\" href=\"https:\/\/ngrobs.com\/index.php\/ges-temizleme-robotu\/\" \/>\n<meta property=\"og:locale\" content=\"tr_TR\" \/>\n<meta property=\"og:type\" content=\"article\" \/>\n<meta property=\"og:title\" content=\"G\u00fcne\u015f Paneli Temizleme Robotu - Ngrobs - Robotik Temizlik \u00c7\u00f6z.\" \/>\n<meta property=\"og:description\" content=\"Patentli ve Tasar\u0131m Tescilli, YERL\u0130 \u00dcRET\u0130M Solar temizleme robotu, g\u00fcne\u015f panellerinin temizli\u011finde robotik \u00e7\u00f6z\u00fcmler sunan robotumuz i\u00e7in t\u0131klay\u0131n\u0131z\" \/>\n<meta property=\"og:url\" content=\"https:\/\/ngrobs.com\/index.php\/ges-temizleme-robotu\/\" \/>\n<meta property=\"og:site_name\" content=\"G\u00fcne\u015f Paneli Y\u0131kama Robotu - Temizlik Robotu\" \/>\n<meta property=\"article:modified_time\" content=\"2023-10-17T15:17:39+00:00\" \/>\n<meta name=\"twitter:card\" content=\"summary_large_image\" \/>\n<meta name=\"twitter:label1\" content=\"Tahmini okuma s\u00fcresi\" \/>\n\t<meta name=\"twitter:data1\" content=\"4 dakika\" \/>\n<script type=\"application\/ld+json\" class=\"yoast-schema-graph\">{\"@context\":\"https:\/\/schema.org\",\"@graph\":[{\"@type\":\"WebPage\",\"@id\":\"https:\/\/ngrobs.com\/index.php\/ges-temizleme-robotu\/\",\"url\":\"https:\/\/ngrobs.com\/index.php\/ges-temizleme-robotu\/\",\"name\":\"G\u00fcne\u015f Paneli Temizleme Robotu - Ngrobs - Robotik Temizlik \u00c7\u00f6z.\",\"isPartOf\":{\"@id\":\"https:\/\/ngrobs.com\/#website\"},\"datePublished\":\"2021-03-03T07:25:34+00:00\",\"dateModified\":\"2023-10-17T15:17:39+00:00\",\"description\":\"Patentli ve Tasar\u0131m Tescilli, YERL\u0130 \u00dcRET\u0130M Solar temizleme robotu, g\u00fcne\u015f panellerinin temizli\u011finde robotik \u00e7\u00f6z\u00fcmler sunan robotumuz i\u00e7in t\u0131klay\u0131n\u0131z\",\"breadcrumb\":{\"@id\":\"https:\/\/ngrobs.com\/index.php\/ges-temizleme-robotu\/#breadcrumb\"},\"inLanguage\":\"tr\",\"potentialAction\":[{\"@type\":\"ReadAction\",\"target\":[\"https:\/\/ngrobs.com\/index.php\/ges-temizleme-robotu\/\"]}]},{\"@type\":\"BreadcrumbList\",\"@id\":\"https:\/\/ngrobs.com\/index.php\/ges-temizleme-robotu\/#breadcrumb\",\"itemListElement\":[{\"@type\":\"ListItem\",\"position\":1,\"name\":\"Anasayfa\",\"item\":\"https:\/\/ngrobs.com\/\"},{\"@type\":\"ListItem\",\"position\":2,\"name\":\"G\u00fcne\u015f Paneli Temizleme Robotu\"}]},{\"@type\":\"WebSite\",\"@id\":\"https:\/\/ngrobs.com\/#website\",\"url\":\"https:\/\/ngrobs.com\/\",\"name\":\"G\u00fcne\u015f Paneli Y\u0131kama Robotu - Temizlik Robotu\",\"description\":\"Robotumuz Enerjiniz Olsun\",\"potentialAction\":[{\"@type\":\"SearchAction\",\"target\":{\"@type\":\"EntryPoint\",\"urlTemplate\":\"https:\/\/ngrobs.com\/?s={search_term_string}\"},\"query-input\":\"required name=search_term_string\"}],\"inLanguage\":\"tr\"}]}<\/script>\n<!-- \/ Yoast SEO plugin. -->","yoast_head_json":{"title":"G\u00fcne\u015f Paneli Temizleme Robotu - Ngrobs - Robotik Temizlik \u00c7\u00f6z.","description":"Patentli ve Tasar\u0131m Tescilli, YERL\u0130 \u00dcRET\u0130M Solar temizleme robotu, g\u00fcne\u015f panellerinin temizli\u011finde robotik \u00e7\u00f6z\u00fcmler sunan robotumuz i\u00e7in t\u0131klay\u0131n\u0131z","robots":{"index":"index","follow":"follow","max-snippet":"max-snippet:-1","max-image-preview":"max-image-preview:large","max-video-preview":"max-video-preview:-1"},"canonical":"https:\/\/ngrobs.com\/index.php\/ges-temizleme-robotu\/","og_locale":"tr_TR","og_type":"article","og_title":"G\u00fcne\u015f Paneli Temizleme Robotu - Ngrobs - Robotik Temizlik \u00c7\u00f6z.","og_description":"Patentli ve Tasar\u0131m Tescilli, YERL\u0130 \u00dcRET\u0130M Solar temizleme robotu, g\u00fcne\u015f panellerinin temizli\u011finde robotik \u00e7\u00f6z\u00fcmler sunan robotumuz i\u00e7in t\u0131klay\u0131n\u0131z","og_url":"https:\/\/ngrobs.com\/index.php\/ges-temizleme-robotu\/","og_site_name":"G\u00fcne\u015f Paneli Y\u0131kama Robotu - Temizlik Robotu","article_modified_time":"2023-10-17T15:17:39+00:00","twitter_card":"summary_large_image","twitter_misc":{"Tahmini okuma s\u00fcresi":"4 dakika"},"schema":{"@context":"https:\/\/schema.org","@graph":[{"@type":"WebPage","@id":"https:\/\/ngrobs.com\/index.php\/ges-temizleme-robotu\/","url":"https:\/\/ngrobs.com\/index.php\/ges-temizleme-robotu\/","name":"G\u00fcne\u015f Paneli Temizleme Robotu - Ngrobs - Robotik Temizlik \u00c7\u00f6z.","isPartOf":{"@id":"https:\/\/ngrobs.com\/#website"},"datePublished":"2021-03-03T07:25:34+00:00","dateModified":"2023-10-17T15:17:39+00:00","description":"Patentli ve Tasar\u0131m Tescilli, YERL\u0130 \u00dcRET\u0130M Solar temizleme robotu, g\u00fcne\u015f panellerinin temizli\u011finde robotik \u00e7\u00f6z\u00fcmler sunan robotumuz i\u00e7in t\u0131klay\u0131n\u0131z","breadcrumb":{"@id":"https:\/\/ngrobs.com\/index.php\/ges-temizleme-robotu\/#breadcrumb"},"inLanguage":"tr","potentialAction":[{"@type":"ReadAction","target":["https:\/\/ngrobs.com\/index.php\/ges-temizleme-robotu\/"]}]},{"@type":"BreadcrumbList","@id":"https:\/\/ngrobs.com\/index.php\/ges-temizleme-robotu\/#breadcrumb","itemListElement":[{"@type":"ListItem","position":1,"name":"Anasayfa","item":"https:\/\/ngrobs.com\/"},{"@type":"ListItem","position":2,"name":"G\u00fcne\u015f Paneli Temizleme Robotu"}]},{"@type":"WebSite","@id":"https:\/\/ngrobs.com\/#website","url":"https:\/\/ngrobs.com\/","name":"G\u00fcne\u015f Paneli Y\u0131kama Robotu - Temizlik Robotu","description":"Robotumuz Enerjiniz Olsun","potentialAction":[{"@type":"SearchAction","target":{"@type":"EntryPoint","urlTemplate":"https:\/\/ngrobs.com\/?s={search_term_string}"},"query-input":"required name=search_term_string"}],"inLanguage":"tr"}]}},"_links":{"self":[{"href":"https:\/\/ngrobs.com\/index.php\/wp-json\/wp\/v2\/pages\/731","targetHints":{"allow":["GET"]}}],"collection":[{"href":"https:\/\/ngrobs.com\/index.php\/wp-json\/wp\/v2\/pages"}],"about":[{"href":"https:\/\/ngrobs.com\/index.php\/wp-json\/wp\/v2\/types\/page"}],"author":[{"embeddable":true,"href":"https:\/\/ngrobs.com\/index.php\/wp-json\/wp\/v2\/users\/1"}],"replies":[{"embeddable":true,"href":"https:\/\/ngrobs.com\/index.php\/wp-json\/wp\/v2\/comments?post=731"}],"version-history":[{"count":35,"href":"https:\/\/ngrobs.com\/index.php\/wp-json\/wp\/v2\/pages\/731\/revisions"}],"predecessor-version":[{"id":1921,"href":"https:\/\/ngrobs.com\/index.php\/wp-json\/wp\/v2\/pages\/731\/revisions\/1921"}],"wp:attachment":[{"href":"https:\/\/ngrobs.com\/index.php\/wp-json\/wp\/v2\/media?parent=731"}],"curies":[{"name":"wp","href":"https:\/\/api.w.org\/{rel}","templated":true}]}}