{"id":720,"date":"2021-03-03T07:06:57","date_gmt":"2021-03-03T07:06:57","guid":{"rendered":"https:\/\/themetechmount.com\/wordpress\/fablio\/?page_id=720"},"modified":"2025-07-17T13:36:46","modified_gmt":"2025-07-17T10:36:46","slug":"ngrobs-hakkinda","status":"publish","type":"page","link":"https:\/\/ngrobs.com\/index.php\/ngrobs-hakkinda\/","title":{"rendered":"Hakk\u0131m\u0131zda"},"content":{"rendered":"<section class=\"wpb-content-wrapper\"><p>[vc_row tm_bgimagefixed=&#8221;&#8221; break_in_responsive=&#8221;991&#8243; full_width=&#8221;stretch_row&#8221; tm_responsive_css=&#8221;41793898|colbreak_no|||||||||colbreak_no|||||18px||50px||colbreak_no||||||||||colbreak_no|||||||||&#8221; css=&#8221;.vc_custom_1752748630764{padding-top: 40px !important;padding-bottom: 0px !important;}&#8221;][vc_column width=&#8221;5\/12&#8243; css=&#8221;.vc_custom_1615960359684{padding-right: 0px !important;}&#8221; tm_responsive_css=&#8221;58431425|colbreak_no|||||||||colbreak_no||||||15px|||colbreak_no||||||||||colbreak_no|||||||||&#8221;][vc_single_image image=&#8221;1768&#8243; img_size=&#8221;full&#8221;][\/vc_column][vc_column width=&#8221;7\/12&#8243; css=&#8221;.vc_custom_1676124290176{padding-top: 0px !important;padding-left: 45px !important;}&#8221; tm_responsive_css=&#8221;92914681|colbreak_no|||||||||colbreak_no||||||||15px|colbreak_no||||||||||colbreak_no|||||||||&#8221;]<div class=\"tm-element-heading-wrapper tm-heading-inner tm-element-align-left tm-seperator-none tm-heading-style-vertical \"><section class=\"tm-vc_cta3-container\"><div class=\"tm-vc_general tm-vc_cta3 tm-cta3-only tm-vc_cta3-style-classic tm-vc_cta3-shape-rounded tm-vc_cta3-align-left tm-vc_cta3-color-transparent tm-vc_cta3-icon-size-md tm-vc_cta3-actions-no tm-cta3-with-desc\"><div class=\"tm-vc_cta3_content-container\"><div class=\"tm-vc_cta3-content\"><header class=\"tm-vc_cta3-content-header tm-wrap\"><div class=\"tm-vc_cta3-headers tm-wrap-cell\"><h4 class=\"tm-custom-heading \" >NG CLEAN-TECH ROBOTS<\/h4>\n<h2 class=\"tm-custom-heading \" >GES Temizleme Robotu <b>\u00dcretici Firmam\u0131z Hakk\u0131nda<\/b><\/h2>\n<\/div><div class=\"heading-seperator\"><span><\/span><\/div><\/header><div class=\"tm-cta3-content-wrapper\">\n<p style=\"text-align: justify;\">Firmam\u0131z 2009 y\u0131l\u0131ndan bu g\u00fcne tala\u015fl\u0131 imalat sekt\u00f6r\u00fcnde bulunup tar\u0131m makinalar\u0131,end\u00fcstriyel y\u0131kama ve temizleme makinalar\u0131,paketleme makinalar\u0131 \u00fcretimi yapmakta yurt d\u0131\u015f\u0131 bir\u00e7ok firma ile \u00e7al\u0131\u015fmaktad\u0131r.Sekt\u00f6r\u00fcnde bir \u00e7ok \u00f6zel tasar\u0131ma ve imalata imza atan firmam\u0131z, b\u00fcnyesinde tasar\u0131mdan imalata,otomasyondan yaz\u0131l\u0131ma bir \u00e7ok \u00fcretimi kendi b\u00fcnyesinde kendi ekibi ile ger\u00e7ekle\u015ftirmektedir.<\/p>\n<p style=\"text-align: justify;\">2019 y\u0131l\u0131nda g\u00fcne\u015f paneli temizleme ve y\u0131kama robotu ilk tasar\u0131m\u0131n\u0131 yapm\u0131\u015f olup AR-GE \u00e7al\u0131\u015fmalar\u0131n\u0131 ba\u015flatm\u0131\u015ft\u0131r.2,5 y\u0131ll\u0131k yo\u011fun AR-GE \u00e7al\u0131\u015fmalar\u0131 neticesinde 2022 y\u0131l\u0131nda ilk ticari \u00fcretimini ger\u00e7ekle\u015ftirmi\u015ftir. Yo\u011fun test ve ara\u015ft\u0131rmalar neticesinde y\u00fcksek derecelerde sorunsuz \u00e7al\u0131\u015fabilen \u00f6zel kar\u0131\u015f\u0131m ve y\u0131rt\u0131lmalara,a\u015f\u0131nmalara kar\u015f\u0131 diren\u00e7li palet sistemi ile yaz\u0131l\u0131m\u0131 birle\u015ftiren firmam\u0131z,uzun soluklu \u00e7al\u0131\u015fabilen temizlik kalitesi en \u00fcst seviyede olan, kolay ta\u015f\u0131nabilmesi i\u00e7in par\u00e7alanabilir yap\u0131s\u0131yla tek robot ile ister 1mt\u2019lik , 1,2mt\u2019lik , 1,45mt\u2019lik , 2mt\u2019lik f\u0131r\u00e7alar ile hizmet verebilecek g\u00fcne\u015f paneli temizleme ve y\u0131kama robotunun imalat\u0131n\u0131 ger\u00e7ekle\u015ftirmi\u015ftir.<\/p>\n<p><\/div><\/div><\/div><\/div><\/section><\/div> <!-- .tm-element-heading-wrapper container --> [vc_row_inner el_class=&#8221;tm-column-inline&#8221; css=&#8221;.vc_custom_1615290099941{padding-top: 5px !important;}&#8221;][vc_column_inner]\r\n\t\t<div class=\"tm-vc_btn3-container tm-vc_btn3-inline vc_custom_1676313085881\"><a class=\"tm-vc_general tm-vc_btn3 tm-vc_btn3-size-md tm-vc_btn3-shape-square tm-vc_btn3-style-flat tm-vc_btn3-weight-no tm-vc_btn3-color-skincolor\" href=\"https:\/\/ngrobs.com\/index.php\/ges-temizleme-robotu\/\" title=\"G\u00fcne\u015f Paneli Temizleme Robotu\">Robotu \u0130ncele<\/a><\/div>\r\n\t\t<div class=\"tm-vc_btn3-container tm-vc_btn3-inline\"><a class=\"tm-vc_general tm-vc_btn3 tm-vc_btn3-size-md tm-vc_btn3-shape-square tm-vc_btn3-style-outline tm-vc_btn3-weight-no tm-vc_btn3-color-black\" href=\"https:\/\/ngrobs.com\/index.php\/iletisim-bilgilerimiz\/\" title=\"\u0130leti\u015fim Bilgilerimiz\">\u0130leti\u015fim Bilgilerimiz<\/a><\/div>[\/vc_column_inner][\/vc_row_inner][\/vc_column][\/vc_row][vc_row][vc_column]<h4 style=\"text-align:center;\" class=\"tm-custom-heading \" >REFERANSLARIMIZ<\/h4>\n[vc_gallery type=&#8221;image_grid&#8221; images=&#8221;1966,1967,1968,1962,1963,1964,1965,1960,1961,1957,1958,1959,1956,1955,1954,1951,1952,1953,1948,1949,1950&#8243; img_size=&#8221;225&#215;112&#8243; onclick=&#8221;&#8221; css=&#8221;.vc_custom_1752748367271{padding-top: 5px !important;padding-right: 5px !important;padding-bottom: 5px !important;padding-left: 5px !important;}&#8221;][\/vc_column][\/vc_row][vc_row tm_bgimagefixed=&#8221;&#8221; break_in_responsive=&#8221;991&#8243; full_width=&#8221;stretch_row&#8221; css=&#8221;.vc_custom_1614676870029{padding-top: 0px !important;padding-bottom: 0px !important;}&#8221; tm_responsive_css=&#8221;16758162|colbreak_no|||||||||colbreak_no|||||30px||||colbreak_no||||||||||colbreak_no|||||||||&#8221;][vc_column tm_bgcolor=&#8221;darkgrey&#8221; tm_col_bg_expand=&#8221;left&#8221; width=&#8221;7\/12&#8243; css=&#8221;.vc_custom_1615960105469{margin-top: -70px !important;padding-top: 90px !important;padding-right: 140px !important;padding-bottom: 60px !important;}&#8221; tm_responsive_css=&#8221;19215738|colbreak_no|||||||||colbreak_no|||||45px|15px|20px||colbreak_no||||||||||colbreak_no|||||||||&#8221;]<div class=\"tm-element-heading-wrapper tm-heading-inner tm-element-align-left tm-seperator-none tm-heading-style-vertical \"><section class=\"tm-vc_cta3-container\"><div class=\"tm-vc_general tm-vc_cta3 tm-cta3-only tm-vc_cta3-style-classic tm-vc_cta3-shape-rounded tm-vc_cta3-align-left tm-vc_cta3-color-transparent tm-vc_cta3-icon-size-md tm-vc_cta3-actions-no tm-cta3-with-desc\"><div class=\"tm-vc_cta3_content-container\"><div class=\"tm-vc_cta3-content\"><header class=\"tm-vc_cta3-content-header tm-wrap\"><div class=\"tm-vc_cta3-headers tm-wrap-cell\"><h4 class=\"tm-custom-heading \" >NG CLEAN-TECH ROBOTS<\/h4>\n<h2 class=\"tm-custom-heading \" >Solar Temizlik Robotu \u00fcreticisi olarak <b>Temel Hedefimiz<\/b><\/h2>\n<\/div><div class=\"heading-seperator\"><span><\/span><\/div><\/header><div class=\"tm-cta3-content-wrapper\">\n<p style=\"text-align: justify;\">D\u0131\u015far\u0131ya ba\u011f\u0131ml\u0131 olmadan yaz\u0131l\u0131mdan \u00fcretimine,tasar\u0131m\u0131ndan montaj\u0131na \u00fclkemizde \u00fcretilen robotumuz ile enerji verimlili\u011fini en \u00fcst seviyede tutarak , yo\u011fun \u00e7al\u0131\u015fmalar\u0131m\u0131za ve robotumuzu geli\u015ftirmeye devam ederek ,m\u00fc\u015fteri memnuniyetini g\u00fc\u00e7l\u00fc servis hizmetimizle en \u00fcst seviye tutmakt\u0131r.<\/p>\n<p><\/div><\/div><\/div><\/div><\/section><\/div> <!-- .tm-element-heading-wrapper container --> [vc_row_inner][vc_column_inner]<div class=\"themetechmount-progress-bar vc_progress_bar wpb_content_element vc_progress-bar-color-skincolor vc_progress-bar-color-skincolor\"><div class=\"tm-pbar-single-bar-w tm-pbar-icon-false\"><div class=\"vc_general vc_single_bar\"><small class=\"vc_label\">Yerli \u00dcretim<\/small><div class=\"vc_bar \" data-percentage-value=\"100\" data-value=\"100\"><span class=\"tm-vc_label_units vc_label_units\">100%<\/span><\/div><\/div><\/div><div class=\"tm-pbar-single-bar-w tm-pbar-icon-false\"><div class=\"vc_general vc_single_bar\"><small class=\"vc_label\">Patentli ve Tasar\u0131m Tescilli <\/small><div class=\"vc_bar \" data-percentage-value=\"100\" data-value=\"100\"><span class=\"tm-vc_label_units vc_label_units\">100%<\/span><\/div><\/div><\/div><div class=\"tm-pbar-single-bar-w tm-pbar-icon-false\"><div class=\"vc_general vc_single_bar\"><small class=\"vc_label\">Tam Garanti<\/small><div class=\"vc_bar \" data-percentage-value=\"100\" data-value=\"100\"><span class=\"tm-vc_label_units vc_label_units\">100%<\/span><\/div><\/div><\/div><\/div>[\/vc_column_inner][\/vc_row_inner][\/vc_column][vc_column tm_col_bg_expand=&#8221;right&#8221; width=&#8221;5\/12&#8243; css=&#8221;.vc_custom_1676319061718{margin-left: -80px !important;padding-bottom: 0px !important;background-image: url(https:\/\/ngrobs.com\/wp-content\/uploads\/2023\/02\/slider-1-min.jpg?id=1757) !important;background-position: center !important;background-repeat: no-repeat !important;background-size: cover !important;}&#8221; tm_responsive_css=&#8221;76483014|colbreak_no|||||||||colbreak_no||||0px|||||colbreak_no||||||||||colbreak_no|||||||||&#8221;][vc_empty_space height=&#8221;583px&#8221; css=&#8221;.vc_custom_1614245782051{padding-bottom: 0px !important;}&#8221;][\/vc_column][\/vc_row]<\/p>\n<\/section>","protected":false},"excerpt":{"rendered":"<p>[vc_row tm_bgimagefixed=&#8221;&#8221; break_in_responsive=&#8221;991&#8243; full_width=&#8221;stretch_row&#8221; tm_responsive_css=&#8221;41793898|colbreak_no|||||||||colbreak_no|||||18px||50px||colbreak_no||||||||||colbreak_no|||||||||&#8221; css=&#8221;.vc_custom_1752748630764{padding-top: 40px !important;padding-bottom: 0px !important;}&#8221;][vc_column width=&#8221;5\/12&#8243; css=&#8221;.vc_custom_1615960359684{padding-right: 0px !important;}&#8221; tm_responsive_css=&#8221;58431425|colbreak_no|||||||||colbreak_no||||||15px|||colbreak_no||||||||||colbreak_no|||||||||&#8221;][vc_single_image image=&#8221;1768&#8243; img_size=&#8221;full&#8221;][\/vc_column][vc_column width=&#8221;7\/12&#8243; css=&#8221;.vc_custom_1676124290176{padding-top: 0px !important;padding-left: 45px !important;}&#8221; tm_responsive_css=&#8221;92914681|colbreak_no|||||||||colbreak_no||||||||15px|colbreak_no||||||||||colbreak_no|||||||||&#8221;][vc_row_inner el_class=&#8221;tm-column-inline&#8221; css=&#8221;.vc_custom_1615290099941{padding-top: 5px !important;}&#8221;][vc_column_inner][\/vc_column_inner][\/vc_row_inner][\/vc_column][\/vc_row][vc_row][vc_column][vc_gallery type=&#8221;image_grid&#8221; images=&#8221;1966,1967,1968,1962,1963,1964,1965,1960,1961,1957,1958,1959,1956,1955,1954,1951,1952,1953,1948,1949,1950&#8243; img_size=&#8221;225&#215;112&#8243; onclick=&#8221;&#8221; css=&#8221;.vc_custom_1752748367271{padding-top: 5px !important;padding-right: 5px !important;padding-bottom: 5px !important;padding-left: 5px !important;}&#8221;][\/vc_column][\/vc_row][vc_row tm_bgimagefixed=&#8221;&#8221; break_in_responsive=&#8221;991&#8243; full_width=&#8221;stretch_row&#8221; css=&#8221;.vc_custom_1614676870029{padding-top: 0px !important;padding-bottom: 0px !important;}&#8221; tm_responsive_css=&#8221;16758162|colbreak_no|||||||||colbreak_no|||||30px||||colbreak_no||||||||||colbreak_no|||||||||&#8221;][vc_column tm_bgcolor=&#8221;darkgrey&#8221; tm_col_bg_expand=&#8221;left&#8221; width=&#8221;7\/12&#8243; css=&#8221;.vc_custom_1615960105469{margin-top: -70px &hellip; <a href=\"https:\/\/ngrobs.com\/index.php\/ngrobs-hakkinda\/\" class=\"more-link\">Continue reading <span class=\"screen-reader-text\">Hakk\u0131m\u0131zda<\/span><\/a><\/p>\n","protected":false},"author":1,"featured_media":0,"parent":0,"menu_order":0,"comment_status":"closed","ping_status":"closed","template":"","meta":{"footnotes":""},"class_list":["post-720","page","type-page","status-publish","hentry"],"yoast_head":"<!-- This site is optimized with the Yoast SEO plugin v20.1 - https:\/\/yoast.com\/wordpress\/plugins\/seo\/ -->\n<title>Ngrobs- Solar Panel Y\u0131kama Robotu - Robotik \u00c7\u00f6z\u00fcmler - GES<\/title>\n<meta name=\"description\" content=\"G\u00fcne\u015f panellerinde g\u00fcvenilir ve kusursuz temizlik \u00e7\u00f6z\u00fcm\u00fc sunan robotumuz sayesinde solar panellerinizin veriminde \u2019a varan art\u0131\u015f sa\u011flan\u0131r.\" \/>\n<meta name=\"robots\" content=\"index, follow, max-snippet:-1, max-image-preview:large, max-video-preview:-1\" \/>\n<link rel=\"canonical\" href=\"https:\/\/ngrobs.com\/index.php\/ngrobs-hakkinda\/\" \/>\n<meta property=\"og:locale\" content=\"tr_TR\" \/>\n<meta property=\"og:type\" content=\"article\" \/>\n<meta property=\"og:title\" content=\"Ngrobs- Solar Panel Y\u0131kama Robotu - Robotik \u00c7\u00f6z\u00fcmler - GES\" \/>\n<meta property=\"og:description\" content=\"G\u00fcne\u015f panellerinde g\u00fcvenilir ve kusursuz temizlik \u00e7\u00f6z\u00fcm\u00fc sunan robotumuz sayesinde solar panellerinizin veriminde \u2019a varan art\u0131\u015f sa\u011flan\u0131r.\" \/>\n<meta property=\"og:url\" content=\"https:\/\/ngrobs.com\/index.php\/ngrobs-hakkinda\/\" \/>\n<meta property=\"og:site_name\" content=\"G\u00fcne\u015f Paneli Y\u0131kama Robotu - Temizlik Robotu\" \/>\n<meta property=\"article:modified_time\" content=\"2025-07-17T10:36:46+00:00\" \/>\n<meta name=\"twitter:card\" content=\"summary_large_image\" \/>\n<meta name=\"twitter:label1\" content=\"Tahmini okuma s\u00fcresi\" \/>\n\t<meta name=\"twitter:data1\" content=\"2 dakika\" \/>\n<script type=\"application\/ld+json\" class=\"yoast-schema-graph\">{\"@context\":\"https:\/\/schema.org\",\"@graph\":[{\"@type\":\"WebPage\",\"@id\":\"https:\/\/ngrobs.com\/index.php\/ngrobs-hakkinda\/\",\"url\":\"https:\/\/ngrobs.com\/index.php\/ngrobs-hakkinda\/\",\"name\":\"Ngrobs- Solar Panel Y\u0131kama Robotu - Robotik \u00c7\u00f6z\u00fcmler - GES\",\"isPartOf\":{\"@id\":\"https:\/\/ngrobs.com\/#website\"},\"datePublished\":\"2021-03-03T07:06:57+00:00\",\"dateModified\":\"2025-07-17T10:36:46+00:00\",\"description\":\"G\u00fcne\u015f panellerinde g\u00fcvenilir ve kusursuz temizlik \u00e7\u00f6z\u00fcm\u00fc sunan robotumuz sayesinde solar panellerinizin veriminde \u2019a varan art\u0131\u015f sa\u011flan\u0131r.\",\"breadcrumb\":{\"@id\":\"https:\/\/ngrobs.com\/index.php\/ngrobs-hakkinda\/#breadcrumb\"},\"inLanguage\":\"tr\",\"potentialAction\":[{\"@type\":\"ReadAction\",\"target\":[\"https:\/\/ngrobs.com\/index.php\/ngrobs-hakkinda\/\"]}]},{\"@type\":\"BreadcrumbList\",\"@id\":\"https:\/\/ngrobs.com\/index.php\/ngrobs-hakkinda\/#breadcrumb\",\"itemListElement\":[{\"@type\":\"ListItem\",\"position\":1,\"name\":\"Anasayfa\",\"item\":\"https:\/\/ngrobs.com\/\"},{\"@type\":\"ListItem\",\"position\":2,\"name\":\"Hakk\u0131m\u0131zda\"}]},{\"@type\":\"WebSite\",\"@id\":\"https:\/\/ngrobs.com\/#website\",\"url\":\"https:\/\/ngrobs.com\/\",\"name\":\"G\u00fcne\u015f Paneli Y\u0131kama Robotu - Temizlik Robotu\",\"description\":\"Robotumuz Enerjiniz Olsun\",\"potentialAction\":[{\"@type\":\"SearchAction\",\"target\":{\"@type\":\"EntryPoint\",\"urlTemplate\":\"https:\/\/ngrobs.com\/?s={search_term_string}\"},\"query-input\":\"required name=search_term_string\"}],\"inLanguage\":\"tr\"}]}<\/script>\n<!-- \/ Yoast SEO plugin. -->","yoast_head_json":{"title":"Ngrobs- Solar Panel Y\u0131kama Robotu - Robotik \u00c7\u00f6z\u00fcmler - GES","description":"G\u00fcne\u015f panellerinde g\u00fcvenilir ve kusursuz temizlik \u00e7\u00f6z\u00fcm\u00fc sunan robotumuz sayesinde solar panellerinizin veriminde \u2019a varan art\u0131\u015f sa\u011flan\u0131r.","robots":{"index":"index","follow":"follow","max-snippet":"max-snippet:-1","max-image-preview":"max-image-preview:large","max-video-preview":"max-video-preview:-1"},"canonical":"https:\/\/ngrobs.com\/index.php\/ngrobs-hakkinda\/","og_locale":"tr_TR","og_type":"article","og_title":"Ngrobs- Solar Panel Y\u0131kama Robotu - Robotik \u00c7\u00f6z\u00fcmler - GES","og_description":"G\u00fcne\u015f panellerinde g\u00fcvenilir ve kusursuz temizlik \u00e7\u00f6z\u00fcm\u00fc sunan robotumuz sayesinde solar panellerinizin veriminde \u2019a varan art\u0131\u015f sa\u011flan\u0131r.","og_url":"https:\/\/ngrobs.com\/index.php\/ngrobs-hakkinda\/","og_site_name":"G\u00fcne\u015f Paneli Y\u0131kama Robotu - Temizlik Robotu","article_modified_time":"2025-07-17T10:36:46+00:00","twitter_card":"summary_large_image","twitter_misc":{"Tahmini okuma s\u00fcresi":"2 dakika"},"schema":{"@context":"https:\/\/schema.org","@graph":[{"@type":"WebPage","@id":"https:\/\/ngrobs.com\/index.php\/ngrobs-hakkinda\/","url":"https:\/\/ngrobs.com\/index.php\/ngrobs-hakkinda\/","name":"Ngrobs- Solar Panel Y\u0131kama Robotu - Robotik \u00c7\u00f6z\u00fcmler - GES","isPartOf":{"@id":"https:\/\/ngrobs.com\/#website"},"datePublished":"2021-03-03T07:06:57+00:00","dateModified":"2025-07-17T10:36:46+00:00","description":"G\u00fcne\u015f panellerinde g\u00fcvenilir ve kusursuz temizlik \u00e7\u00f6z\u00fcm\u00fc sunan robotumuz sayesinde solar panellerinizin veriminde \u2019a varan art\u0131\u015f sa\u011flan\u0131r.","breadcrumb":{"@id":"https:\/\/ngrobs.com\/index.php\/ngrobs-hakkinda\/#breadcrumb"},"inLanguage":"tr","potentialAction":[{"@type":"ReadAction","target":["https:\/\/ngrobs.com\/index.php\/ngrobs-hakkinda\/"]}]},{"@type":"BreadcrumbList","@id":"https:\/\/ngrobs.com\/index.php\/ngrobs-hakkinda\/#breadcrumb","itemListElement":[{"@type":"ListItem","position":1,"name":"Anasayfa","item":"https:\/\/ngrobs.com\/"},{"@type":"ListItem","position":2,"name":"Hakk\u0131m\u0131zda"}]},{"@type":"WebSite","@id":"https:\/\/ngrobs.com\/#website","url":"https:\/\/ngrobs.com\/","name":"G\u00fcne\u015f Paneli Y\u0131kama Robotu - Temizlik Robotu","description":"Robotumuz Enerjiniz Olsun","potentialAction":[{"@type":"SearchAction","target":{"@type":"EntryPoint","urlTemplate":"https:\/\/ngrobs.com\/?s={search_term_string}"},"query-input":"required name=search_term_string"}],"inLanguage":"tr"}]}},"_links":{"self":[{"href":"https:\/\/ngrobs.com\/index.php\/wp-json\/wp\/v2\/pages\/720","targetHints":{"allow":["GET"]}}],"collection":[{"href":"https:\/\/ngrobs.com\/index.php\/wp-json\/wp\/v2\/pages"}],"about":[{"href":"https:\/\/ngrobs.com\/index.php\/wp-json\/wp\/v2\/types\/page"}],"author":[{"embeddable":true,"href":"https:\/\/ngrobs.com\/index.php\/wp-json\/wp\/v2\/users\/1"}],"replies":[{"embeddable":true,"href":"https:\/\/ngrobs.com\/index.php\/wp-json\/wp\/v2\/comments?post=720"}],"version-history":[{"count":23,"href":"https:\/\/ngrobs.com\/index.php\/wp-json\/wp\/v2\/pages\/720\/revisions"}],"predecessor-version":[{"id":1977,"href":"https:\/\/ngrobs.com\/index.php\/wp-json\/wp\/v2\/pages\/720\/revisions\/1977"}],"wp:attachment":[{"href":"https:\/\/ngrobs.com\/index.php\/wp-json\/wp\/v2\/media?parent=720"}],"curies":[{"name":"wp","href":"https:\/\/api.w.org\/{rel}","templated":true}]}}