{"id":1164,"date":"2021-03-11T04:06:22","date_gmt":"2021-03-11T04:06:22","guid":{"rendered":"https:\/\/themetechmount.com\/wordpress\/fablio\/?page_id=1164"},"modified":"2023-02-13T22:46:40","modified_gmt":"2023-02-13T19:46:40","slug":"merak-edilenler","status":"publish","type":"page","link":"https:\/\/ngrobs.com\/index.php\/merak-edilenler\/","title":{"rendered":"Merak Edilenler"},"content":{"rendered":"<section class=\"wpb-content-wrapper\"><p>[vc_row tm_bgimagefixed=&#8221;&#8221; css=&#8221;.vc_custom_1615446078666{padding-bottom: 0px !important;}&#8221; tm_responsive_css=&#8221;86098555|colbreak_no|||||||||colbreak_no|||||45px||||colbreak_no||||||||||colbreak_no|||||||||&#8221;][vc_column]<div class=\"tm-element-heading-wrapper tm-heading-inner tm-element-align-center tm-seperator-none tm-heading-style-vertical \"><section class=\"tm-vc_cta3-container\"><div class=\"tm-vc_general tm-vc_cta3 tm-cta3-only tm-vc_cta3-style-classic tm-vc_cta3-shape-rounded tm-vc_cta3-align-center tm-vc_cta3-color-transparent tm-vc_cta3-icon-size-md tm-vc_cta3-actions-no tm-cta3-without-desc\"><div class=\"tm-vc_cta3_content-container\"><div class=\"tm-vc_cta3-content\"><header class=\"tm-vc_cta3-content-header tm-wrap\"><div class=\"tm-vc_cta3-headers tm-wrap-cell\"><h4 class=\"tm-custom-heading \" >NG CLEAN-TECH ROBOTS<\/h4>\n<h2 class=\"tm-custom-heading \" >Soru - Cevap Video ve Merak Edilenler<\/h2>\n<\/div><div class=\"heading-seperator\"><span><\/span><\/div><\/header><\/div><\/div><\/div><\/section><\/div> <!-- .tm-element-heading-wrapper container --> [\/vc_column][\/vc_row][vc_row tm_bgimagefixed=&#8221;&#8221; break_in_responsive=&#8221;991&#8243; css=&#8221;.vc_custom_1589351649733{padding-top: 0px !important;}&#8221; tm_responsive_css=&#8221;70741806|colbreak_no|||||||||colbreak_no|||||||35px||colbreak_no||||||||||colbreak_no|||||||||&#8221;][vc_column width=&#8221;1\/2&#8243;][vc_single_image image=&#8221;1868&#8243; img_size=&#8221;585&#215;430&#8243; css=&#8221;.vc_custom_1676312155583{margin-bottom: 0px !important;}&#8221;]<div class=\"tm-vc_icon_element tm-vc_icon_element-outer tm-vc_icon_element-align-center  tm-vc_icon_element-have-style tm_prettyphoto tm-playvideo-box\"><div class=\"tm-vc_icon_element-inner  tm-vc_icon_element-have-style-inner tm-vc_icon_element-color-white tm-vc_icon_element-size-md tm-vc_icon_element-style-rounded tm-vc_icon_element-background tm-vc_icon_element-background-color-skincolor\" ><span class=\"tm-vc_icon_element-icon fa fa-play\" ><\/span><a class=\"tm-vc_icon_element-link\" href=\"https:\/\/www.youtube.com\/watch?v=A5n5nqjE8c0\" title=\"\" target=\"_self\"><\/a><\/div><\/div>[\/vc_column][vc_column width=&#8221;1\/2&#8243; tm_responsive_css=&#8221;41406729|colbreak_no|||||||||colbreak_no|||||40px||||colbreak_no||||||||||colbreak_no|||||||||&#8221;][vc_toggle title=&#8221;GES Temizleme Robotu Nedir ?&#8221; color=&#8221;black&#8221;]Ngrobs solar temizleme robotu \u00e7at\u0131larda kullan\u0131lan g\u00fcne\u015f enerjisi panellerinin temizlenmesinde , enerji verimlili\u011fini art\u0131rmak i\u00e7in tasarlanm\u0131\u015ft\u0131r.Mod\u00fcler ve kompakt yap\u0131s\u0131yla kolay ta\u015f\u0131nabilir,montaj yap\u0131labilir yap\u0131dad\u0131r. Sahadan alm\u0131\u015f oldu\u011fumuz tecr\u00fcbe sayesinde \u00f6zel olarak \u00fcretilen robotumuz ile kusursuz bir temizlik ger\u00e7ekle\u015fir[\/vc_toggle][vc_toggle title=&#8221;Paneller Neden Temizlenmelidir ?&#8221; color=&#8221;black&#8221;]G\u00fcne\u015f panelleri kullan\u0131ld\u0131klar\u0131 s\u00fcre boyunca bak\u0131m yapmay\u0131 gerektiren \u00fcr\u00fcnlerdir. G\u00fcne\u015f panellerine do\u011fru bak\u0131m yap\u0131ld\u0131\u011f\u0131 takdirde panelin yakla\u015f\u0131k olarak 25 y\u0131ll\u0131k bir kullan\u0131m \u00f6mr\u00fc olur. G\u00fcne\u015f panellerinin bak\u0131ma \u00f6nemli ve gerekli bir i\u015flemdir. Bak\u0131m i\u015flemlerinin B\u00fcy\u00fck bir k\u0131sm\u0131 toz toprak ve di\u011fer maddelerin ar\u0131nd\u0131r\u0131lmas\u0131na i\u00e7erir. Bu i\u015flemler genel olarak birka\u00e7 dakika kal\u0131p efor harcanarak yap\u0131labilir. G\u00fcne\u015f panellerinizin daha ayr\u0131nt\u0131l\u0131 bir \u015fekilde d\u00f6nemsel olarak bak\u0131m i\u015flemleri de yap\u0131lmal\u0131d\u0131r. Bu bak\u0131m i\u015flemlerinin s\u0131kl\u0131\u011f\u0131 ise bulunmu\u015f oldu\u011funuz co\u011frafyadaki hava ko\u015fullar\u0131 ve konuma ba\u011fl\u0131 olarak farkl\u0131l\u0131k g\u00f6sterir. \u015eiddetli ya\u011f\u0131\u015flar ve enerji \u00e7\u0131k\u0131\u015f\u0131ndaki d\u00fc\u015f\u00fc\u015f kapsaml\u0131 bir bak\u0131ma sebep olan fakt\u00f6rlerin ba\u015f\u0131nda gelir.[\/vc_toggle][vc_toggle title=&#8221;Robotla Temizli\u011fin \u00d6nemi Nedir ?&#8221; color=&#8221;black&#8221;]Robotlarla yap\u0131lan temizlik el ile yap\u0131lan temizliklere g\u00f6re \u00e7ok daha h\u0131zl\u0131 yap\u0131lmaktad\u0131r. Ayr\u0131ca paneller son derece hassas metaryallerden \u00fcretilmi\u015ftir, manuel yap\u0131lan temizlik bask\u0131 uygulanmas\u0131na neden olabilmekte veya kullan\u0131lm\u0131\u015f olan ekipmanlar\u0131n panellere zarar vermesi s\u00f6z konusu olabilmektedir. Ancak robotlarda b\u00f6yle bir zarar verme durumu s\u00f6z konusu de\u011fildir, Ortalama 20 y\u0131l gibi \u00f6m\u00fcr bi\u00e7ilen enerji panellerinin bu s\u00fcre boyunca \u00e7evresel fakt\u00f6rlerden s\u00fcrekli etkilenmesi panel \u00f6mr\u00fcn\u00fc bariz bir \u015fekilde k\u0131saltmaktad\u0131r. Enerji verimlili\u011finin s\u00fcrekli halde devam edebilmesi i\u00e7in temizlik ve bak\u0131m \u00e7ok \u00f6nemli bir yer tutmaktad\u0131r. Yap\u0131lan yanl\u0131\u015f temizli\u011fin panellere verece\u011fi hasar anl\u0131k olarak bir sorun olu\u015fturmasa bile panelin \u00f6mr\u00fcn\u00fc olduk\u00e7a k\u0131saltmaktad\u0131r. Bu nedenlerle panellerinizin robotlarla temizlenmesi hem panellerinizin g\u00fcvenli\u011fi hem de zaman a\u00e7\u0131s\u0131ndan olduk\u00e7a \u00f6nemli yer tutmaktad\u0131r.[\/vc_toggle][vc_toggle title=&#8221;Kaliteli Temizlik Nas\u0131l Yap\u0131l\u0131r ?&#8221; color=&#8221;black&#8221;]G\u00fcne\u015f panellerinin verimini etkileyen en \u00f6nemli farkt\u00f6rlerden birisi G\u00fcne\u015f Paneli Temizli\u011fi\u2019dir. G\u00fcne\u015f paneli temizli\u011fi, g\u00fcne\u015f panellerinin verimini ve \u00f6mr\u00fcn\u00fc art\u0131rmak i\u00e7in \u00e7e\u015fitli y\u00f6ntemler ile temizlenmesi i\u015flemidir. G\u00fcne\u015f Paneli Temizli\u011finin do\u011fru yap\u0131lmas\u0131 sayesinde panelinizin \u00f6mr\u00fc uzar ve verimi artar bu nedenlerle g\u00fcne\u015f panelinin do\u011fru temizlenmesi \u00e7ok \u00f6nemlidir.<br \/>\nG\u00fcne\u015f Paneli temizli\u011finde a\u015fa\u011f\u0131daki hususlara dikkat etmeniz gerekmektedir;<br \/>\n-G\u00fcne\u015f Paneli temizli\u011finde Deterjan \u2013 S\u0131v\u0131 Sabun gibi kimyasal \u00fcr\u00fcnler kullan\u0131lmamal\u0131d\u0131r.<br \/>\n-G\u00fcne\u015f Paneli temizlenirken paneller \u00fczerine a\u011f\u0131rl\u0131k uygulanmamal\u0131 ve bas\u0131lmamal\u0131d\u0131r a\u011f\u0131rl\u0131k uygulanmas\u0131 durumunda panellerde \u00e7atlaklar olu\u015fabilmektedir.<br \/>\n-G\u00fcne\u015f Paneli temizli\u011finin panel s\u0131cakl\u0131\u011f\u0131n\u0131n d\u00fc\u015f\u00fck oldu\u011fu saatlerde yap\u0131lmal\u0131d\u0131r.<br \/>\n-Temizlik yap\u0131lacak suyun panel s\u0131cakl\u0131\u011f\u0131na yak\u0131n olmas\u0131 gerekmektedir.<br \/>\n-Panel temizli\u011finin \u00e7evresel fakt\u00f6rlere g\u00f6re belirli periyotlarda yap\u0131lmas\u0131 gerekmektedir. \u00c7\u00fcnk\u00fc yap\u0131lacak olan temizlik panellerin veriminde b\u00fcy\u00fck etkendir.<br \/>\n-Temizlik esnas\u0131nda panellere zarar vermeyecek \u00f6zel temizlik aletleri kullan\u0131lmal\u0131d\u0131r.[\/vc_toggle][vc_toggle title=&#8221;GES Y\u0131kama Robotu H\u0131z\u0131&#8221; color=&#8221;black&#8221;]Robotumuzun temizleme verimlili\u011fi\u00a0<strong>saatte 800-1200m<\/strong><sup><strong>2<\/strong>\u00a0\u00a0<\/sup>ortalama, temizleme verimlili\u011fi ise saatte 600m<sup>2<\/sup>\u00a0ortalamaya ula\u015f\u0131r.[\/vc_toggle][\/vc_column][\/vc_row][vc_row tm_bgcolor=&#8221;skincolor&#8221; tm_bgimagefixed=&#8221;&#8221; break_in_responsive=&#8221;991&#8243; tm_zindex=&#8221;1&#8243; equal_height=&#8221;yes&#8221; css=&#8221;.vc_custom_1615895137566{padding-top: 0px !important;padding-right: 0px !important;padding-bottom: 0px !important;}&#8221; tm_responsive_css=&#8221;92226595|colbreak_no|||||||||colbreak_no|||||||0px||colbreak_no||||||||||colbreak_no|||||||||&#8221;][vc_column tm_bgcolor=&#8221;skincolor&#8221; tm_col_bg_expand=&#8221;left&#8221; width=&#8221;1\/2&#8243; css=&#8221;.vc_custom_1615049233018{padding-top: 20px !important;padding-bottom: 5px !important;}&#8221; el_class=&#8221;tm-triangle-columnright&#8221;]<div class=\"themetechmount-iconbox themetechmount-iconbox-stylethree themetechmount-iconbox-stylethirteen \">\n\t<div class=\"themetechmount-iconbox-inner tm-boxicon-default\">\n\t\t<div class=\"tm-iconbox-wrapper tm-wrap\">\n\t\t\t<div class=\"themetechmount-iconbox-icon tm-wrap-cell\">\n\t\t\t\t<div class=\"tm-box-icon\"><i class=\"kw_fablio flaticon-clock\"><\/i><\/div>\t\n\t\t\t<\/div>\n\t\t\t<div class=\"themetechmount-iconbox-heading tm-wrap-cell\">\n\t\t\t\t<div class=\"tm-vc_general tm-vc_cta3 tm-cta3-only tm-vc_cta3-style-classic tm-vc_cta3-shape-rounded tm-vc_cta3-align-left tm-vc_cta3-color-transparent tm-vc_cta3-icon-size-md tm-vc_cta3-actions-no tm-cta3-without-desc\"><div class=\"tm-vc_cta3_content-container\"><div class=\"tm-vc_cta3-content\"><header class=\"tm-vc_cta3-content-header tm-wrap\"><div class=\"tm-vc_cta3-headers tm-wrap-cell\"><h2 style=\"font-size:32px\" class=\"tm-custom-heading \">GES TEM\u0130ZL\u0130K ROBOTUMUZLA<\/h2>\n<h4 class=\"tm-custom-heading tm-fontweight-normal \">ENERJ\u0130N\u0130Z DAHA DA Y\u00dcKSEK<\/h4>\n<\/div><div class=\"heading-seperator\"><span><\/span><\/div><\/header><\/div><\/div><\/div>\t\t\t\t\t<div class=\"tm-iconbox-boxcontent\">\t\t\t\n\t\t\t\t\t\t\t\t\t\t<\/div>\n\t\t\t\t\t<div class=\"themetechmount-iconbox-button\">\n\t\t\t\t\t\t\t\t\t\t<\/div>\n\t\t\t<\/div>\t\n\t\t<\/div>\n\t<\/div>\t\n<\/div>\n [\/vc_column][vc_column tm_bgimage_position=&#8221;left_center&#8221; width=&#8221;1\/2&#8243; css=&#8221;.vc_custom_1676060641380{background-image: url(https:\/\/ngrobs.com\/wordpress\/wp-content\/uploads\/2023\/02\/ges-yikama-resim-min.png?id=1740) !important;background-position: center !important;background-repeat: no-repeat !important;background-size: cover !important;}&#8221; el_class=&#8221;tm-hide991px&#8221;][\/vc_column][\/vc_row]<\/p>\n<\/section>","protected":false},"excerpt":{"rendered":"<p>[vc_row tm_bgimagefixed=&#8221;&#8221; css=&#8221;.vc_custom_1615446078666{padding-bottom: 0px !important;}&#8221; tm_responsive_css=&#8221;86098555|colbreak_no|||||||||colbreak_no|||||45px||||colbreak_no||||||||||colbreak_no|||||||||&#8221;][vc_column][\/vc_column][\/vc_row][vc_row tm_bgimagefixed=&#8221;&#8221; break_in_responsive=&#8221;991&#8243; css=&#8221;.vc_custom_1589351649733{padding-top: 0px !important;}&#8221; tm_responsive_css=&#8221;70741806|colbreak_no|||||||||colbreak_no|||||||35px||colbreak_no||||||||||colbreak_no|||||||||&#8221;][vc_column width=&#8221;1\/2&#8243;][vc_single_image image=&#8221;1868&#8243; img_size=&#8221;585&#215;430&#8243; css=&#8221;.vc_custom_1676312155583{margin-bottom: 0px !important;}&#8221;][\/vc_column][vc_column width=&#8221;1\/2&#8243; tm_responsive_css=&#8221;41406729|colbreak_no|||||||||colbreak_no|||||40px||||colbreak_no||||||||||colbreak_no|||||||||&#8221;][vc_toggle title=&#8221;GES Temizleme Robotu Nedir ?&#8221; color=&#8221;black&#8221;]Ngrobs solar temizleme robotu \u00e7at\u0131larda kullan\u0131lan g\u00fcne\u015f enerjisi panellerinin temizlenmesinde , enerji verimlili\u011fini art\u0131rmak i\u00e7in tasarlanm\u0131\u015ft\u0131r.Mod\u00fcler ve kompakt yap\u0131s\u0131yla kolay ta\u015f\u0131nabilir,montaj yap\u0131labilir yap\u0131dad\u0131r. Sahadan alm\u0131\u015f oldu\u011fumuz tecr\u00fcbe sayesinde \u00f6zel olarak &hellip; <a href=\"https:\/\/ngrobs.com\/index.php\/merak-edilenler\/\" class=\"more-link\">Continue reading <span class=\"screen-reader-text\">Merak Edilenler<\/span><\/a><\/p>\n","protected":false},"author":1,"featured_media":0,"parent":0,"menu_order":0,"comment_status":"closed","ping_status":"closed","template":"","meta":{"footnotes":""},"class_list":["post-1164","page","type-page","status-publish","hentry"],"yoast_head":"<!-- This site is optimized with the Yoast SEO plugin v20.1 - https:\/\/yoast.com\/wordpress\/plugins\/seo\/ -->\n<title>\u00c7at\u0131 Tipi Panel Y\u0131kama Robotu - G\u00fcne\u015f Paneli Temizleme Robotu<\/title>\n<meta name=\"description\" content=\"G\u00fc\u00e7l\u00fc AR-GE \u00e7al\u0131\u015fmas\u0131 sonucu \u00fcretilen \u00fcr\u00fcn\u00fcm\u00fcz\u00fcn her zaman arkas\u0131nda durarak bayilerimize tam destek veriyoruz.\" \/>\n<meta name=\"robots\" content=\"index, follow, max-snippet:-1, max-image-preview:large, max-video-preview:-1\" \/>\n<link rel=\"canonical\" href=\"https:\/\/ngrobs.com\/index.php\/merak-edilenler\/\" \/>\n<meta property=\"og:locale\" content=\"tr_TR\" \/>\n<meta property=\"og:type\" content=\"article\" \/>\n<meta property=\"og:title\" content=\"\u00c7at\u0131 Tipi Panel Y\u0131kama Robotu - G\u00fcne\u015f Paneli Temizleme Robotu\" \/>\n<meta property=\"og:description\" content=\"G\u00fc\u00e7l\u00fc AR-GE \u00e7al\u0131\u015fmas\u0131 sonucu \u00fcretilen \u00fcr\u00fcn\u00fcm\u00fcz\u00fcn her zaman arkas\u0131nda durarak bayilerimize tam destek veriyoruz.\" \/>\n<meta property=\"og:url\" content=\"https:\/\/ngrobs.com\/index.php\/merak-edilenler\/\" \/>\n<meta property=\"og:site_name\" content=\"G\u00fcne\u015f Paneli Y\u0131kama Robotu - Temizlik Robotu\" \/>\n<meta property=\"article:modified_time\" content=\"2023-02-13T19:46:40+00:00\" \/>\n<meta name=\"twitter:card\" content=\"summary_large_image\" \/>\n<meta name=\"twitter:label1\" content=\"Tahmini okuma s\u00fcresi\" \/>\n\t<meta name=\"twitter:data1\" content=\"3 dakika\" \/>\n<script type=\"application\/ld+json\" class=\"yoast-schema-graph\">{\"@context\":\"https:\/\/schema.org\",\"@graph\":[{\"@type\":\"WebPage\",\"@id\":\"https:\/\/ngrobs.com\/index.php\/merak-edilenler\/\",\"url\":\"https:\/\/ngrobs.com\/index.php\/merak-edilenler\/\",\"name\":\"\u00c7at\u0131 Tipi Panel Y\u0131kama Robotu - G\u00fcne\u015f Paneli Temizleme Robotu\",\"isPartOf\":{\"@id\":\"https:\/\/ngrobs.com\/#website\"},\"datePublished\":\"2021-03-11T04:06:22+00:00\",\"dateModified\":\"2023-02-13T19:46:40+00:00\",\"description\":\"G\u00fc\u00e7l\u00fc AR-GE \u00e7al\u0131\u015fmas\u0131 sonucu \u00fcretilen \u00fcr\u00fcn\u00fcm\u00fcz\u00fcn her zaman arkas\u0131nda durarak bayilerimize tam destek veriyoruz.\",\"breadcrumb\":{\"@id\":\"https:\/\/ngrobs.com\/index.php\/merak-edilenler\/#breadcrumb\"},\"inLanguage\":\"tr\",\"potentialAction\":[{\"@type\":\"ReadAction\",\"target\":[\"https:\/\/ngrobs.com\/index.php\/merak-edilenler\/\"]}]},{\"@type\":\"BreadcrumbList\",\"@id\":\"https:\/\/ngrobs.com\/index.php\/merak-edilenler\/#breadcrumb\",\"itemListElement\":[{\"@type\":\"ListItem\",\"position\":1,\"name\":\"Anasayfa\",\"item\":\"https:\/\/ngrobs.com\/\"},{\"@type\":\"ListItem\",\"position\":2,\"name\":\"Merak Edilenler\"}]},{\"@type\":\"WebSite\",\"@id\":\"https:\/\/ngrobs.com\/#website\",\"url\":\"https:\/\/ngrobs.com\/\",\"name\":\"G\u00fcne\u015f Paneli Y\u0131kama Robotu - Temizlik Robotu\",\"description\":\"Robotumuz Enerjiniz Olsun\",\"potentialAction\":[{\"@type\":\"SearchAction\",\"target\":{\"@type\":\"EntryPoint\",\"urlTemplate\":\"https:\/\/ngrobs.com\/?s={search_term_string}\"},\"query-input\":\"required name=search_term_string\"}],\"inLanguage\":\"tr\"}]}<\/script>\n<!-- \/ Yoast SEO plugin. -->","yoast_head_json":{"title":"\u00c7at\u0131 Tipi Panel Y\u0131kama Robotu - G\u00fcne\u015f Paneli Temizleme Robotu","description":"G\u00fc\u00e7l\u00fc AR-GE \u00e7al\u0131\u015fmas\u0131 sonucu \u00fcretilen \u00fcr\u00fcn\u00fcm\u00fcz\u00fcn her zaman arkas\u0131nda durarak bayilerimize tam destek veriyoruz.","robots":{"index":"index","follow":"follow","max-snippet":"max-snippet:-1","max-image-preview":"max-image-preview:large","max-video-preview":"max-video-preview:-1"},"canonical":"https:\/\/ngrobs.com\/index.php\/merak-edilenler\/","og_locale":"tr_TR","og_type":"article","og_title":"\u00c7at\u0131 Tipi Panel Y\u0131kama Robotu - G\u00fcne\u015f Paneli Temizleme Robotu","og_description":"G\u00fc\u00e7l\u00fc AR-GE \u00e7al\u0131\u015fmas\u0131 sonucu \u00fcretilen \u00fcr\u00fcn\u00fcm\u00fcz\u00fcn her zaman arkas\u0131nda durarak bayilerimize tam destek veriyoruz.","og_url":"https:\/\/ngrobs.com\/index.php\/merak-edilenler\/","og_site_name":"G\u00fcne\u015f Paneli Y\u0131kama Robotu - Temizlik Robotu","article_modified_time":"2023-02-13T19:46:40+00:00","twitter_card":"summary_large_image","twitter_misc":{"Tahmini okuma s\u00fcresi":"3 dakika"},"schema":{"@context":"https:\/\/schema.org","@graph":[{"@type":"WebPage","@id":"https:\/\/ngrobs.com\/index.php\/merak-edilenler\/","url":"https:\/\/ngrobs.com\/index.php\/merak-edilenler\/","name":"\u00c7at\u0131 Tipi Panel Y\u0131kama Robotu - G\u00fcne\u015f Paneli Temizleme Robotu","isPartOf":{"@id":"https:\/\/ngrobs.com\/#website"},"datePublished":"2021-03-11T04:06:22+00:00","dateModified":"2023-02-13T19:46:40+00:00","description":"G\u00fc\u00e7l\u00fc AR-GE \u00e7al\u0131\u015fmas\u0131 sonucu \u00fcretilen \u00fcr\u00fcn\u00fcm\u00fcz\u00fcn her zaman arkas\u0131nda durarak bayilerimize tam destek veriyoruz.","breadcrumb":{"@id":"https:\/\/ngrobs.com\/index.php\/merak-edilenler\/#breadcrumb"},"inLanguage":"tr","potentialAction":[{"@type":"ReadAction","target":["https:\/\/ngrobs.com\/index.php\/merak-edilenler\/"]}]},{"@type":"BreadcrumbList","@id":"https:\/\/ngrobs.com\/index.php\/merak-edilenler\/#breadcrumb","itemListElement":[{"@type":"ListItem","position":1,"name":"Anasayfa","item":"https:\/\/ngrobs.com\/"},{"@type":"ListItem","position":2,"name":"Merak Edilenler"}]},{"@type":"WebSite","@id":"https:\/\/ngrobs.com\/#website","url":"https:\/\/ngrobs.com\/","name":"G\u00fcne\u015f Paneli Y\u0131kama Robotu - Temizlik Robotu","description":"Robotumuz Enerjiniz Olsun","potentialAction":[{"@type":"SearchAction","target":{"@type":"EntryPoint","urlTemplate":"https:\/\/ngrobs.com\/?s={search_term_string}"},"query-input":"required name=search_term_string"}],"inLanguage":"tr"}]}},"_links":{"self":[{"href":"https:\/\/ngrobs.com\/index.php\/wp-json\/wp\/v2\/pages\/1164","targetHints":{"allow":["GET"]}}],"collection":[{"href":"https:\/\/ngrobs.com\/index.php\/wp-json\/wp\/v2\/pages"}],"about":[{"href":"https:\/\/ngrobs.com\/index.php\/wp-json\/wp\/v2\/types\/page"}],"author":[{"embeddable":true,"href":"https:\/\/ngrobs.com\/index.php\/wp-json\/wp\/v2\/users\/1"}],"replies":[{"embeddable":true,"href":"https:\/\/ngrobs.com\/index.php\/wp-json\/wp\/v2\/comments?post=1164"}],"version-history":[{"count":7,"href":"https:\/\/ngrobs.com\/index.php\/wp-json\/wp\/v2\/pages\/1164\/revisions"}],"predecessor-version":[{"id":1887,"href":"https:\/\/ngrobs.com\/index.php\/wp-json\/wp\/v2\/pages\/1164\/revisions\/1887"}],"wp:attachment":[{"href":"https:\/\/ngrobs.com\/index.php\/wp-json\/wp\/v2\/media?parent=1164"}],"curies":[{"name":"wp","href":"https:\/\/api.w.org\/{rel}","templated":true}]}}